{"id":5888,"date":"2026-04-08T11:23:33","date_gmt":"2026-04-08T15:23:33","guid":{"rendered":"https:\/\/www.landmarkcre.ca\/?page_id=5888"},"modified":"2026-05-04T11:32:46","modified_gmt":"2026-05-04T15:32:46","slug":"accueil-nouveau","status":"publish","type":"page","link":"https:\/\/www.landmarkcre.ca\/fr\/","title":{"rendered":"Accueil"},"content":{"rendered":"\n  <section class=\"fullwidth-header-block theme-block alignfull\">\n          <div class=\"fullwidth-header__carousel swiper\">\n        <div class=\"swiper-wrapper\">\n                      <div class=\"fullwidth-header__slide swiper-slide\">\n              <div class=\"fullwidth-header__slide__background\">\n                <img decoding=\"async\" src=\"https:\/\/www.landmarkcre.ca\/wp-content\/uploads\/2022\/10\/Photo1.png\" alt=\"Vue sur la centre ville de Montreal - Landmark Logo\" title=\"\">\n              <\/div>\n              <div class=\"fullwidth-header__slide__overlay\" aria-hidden=\"true\"><\/div>\n              <div class=\"fullwidth-header__slide__inner\">\n                                  <h1 class=\"fullwidth-header__slide__title\">Conseils en immobilier commercial ax\u00e9s sur le locataire<\/h1>\n                              <\/div>\n            <\/div>\n                                  <div class=\"fullwidth-header__slide swiper-slide\">\n              <div class=\"fullwidth-header__slide__background\">\n                <img decoding=\"async\" src=\"https:\/\/www.landmarkcre.ca\/wp-content\/uploads\/2022\/10\/Photo5.jpg\" alt=\"Vue sur le centre ville - Landmark logo\" title=\"\">\n              <\/div>\n              <div class=\"fullwidth-header__slide__overlay\" aria-hidden=\"true\"><\/div>\n              <div class=\"fullwidth-header__slide__inner\">\n                                  <p class=\"fullwidth-header__slide__title\">Conseils en immobilier commercial ax\u00e9s sur le locataire<\/p>\n                              <\/div>\n            <\/div>\n                                  <div class=\"fullwidth-header__slide swiper-slide\">\n              <div class=\"fullwidth-header__slide__background\">\n                <img decoding=\"async\" src=\"https:\/\/www.landmarkcre.ca\/wp-content\/uploads\/2022\/10\/Photo3.png\" alt=\"Vue sur le centre ville de Vancouvert - Landmark logo\" title=\"\">\n              <\/div>\n              <div class=\"fullwidth-header__slide__overlay\" aria-hidden=\"true\"><\/div>\n              <div class=\"fullwidth-header__slide__inner\">\n                                  <p class=\"fullwidth-header__slide__title\">Conseils en immobilier commercial ax\u00e9s sur le locataire<\/p>\n                              <\/div>\n            <\/div>\n                                  <div class=\"fullwidth-header__slide swiper-slide\">\n              <div class=\"fullwidth-header__slide__background\">\n                <img decoding=\"async\" src=\"https:\/\/www.landmarkcre.ca\/wp-content\/uploads\/2022\/10\/Photo2.png\" alt=\"Vue sur une ville - Landmark logo\" title=\"\">\n              <\/div>\n              <div class=\"fullwidth-header__slide__overlay\" aria-hidden=\"true\"><\/div>\n              <div class=\"fullwidth-header__slide__inner\">\n                                  <p class=\"fullwidth-header__slide__title\">Conseils en immobilier commercial ax\u00e9s sur le locataire<\/p>\n                              <\/div>\n            <\/div>\n                                  <div class=\"fullwidth-header__slide swiper-slide\">\n              <div class=\"fullwidth-header__slide__background\">\n                <img decoding=\"async\" src=\"https:\/\/www.landmarkcre.ca\/wp-content\/uploads\/2022\/10\/Photo4.png\" alt=\"B\u00e2tisse Centre Ville de Toronto - Landmark logo\" title=\"\">\n              <\/div>\n              <div class=\"fullwidth-header__slide__overlay\" aria-hidden=\"true\"><\/div>\n              <div class=\"fullwidth-header__slide__inner\">\n                                  <p class=\"fullwidth-header__slide__title\">Conseils en immobilier commercial ax\u00e9s sur le locataire<\/p>\n                              <\/div>\n            <\/div>\n                              <\/div>\n        <div class=\"fullwidth-header__carousel__navigation white-navigation\">\n          <div class=\"swiper-button-prev\"><\/div>\n          <div class=\"swiper-button-next\"><\/div>\n          <div class=\"swiper-pagination\"><\/div>\n        <\/div>\n      <\/div>\n      <\/section>\n  \n\n<section class=\"flexible-block theme-block theme-block--innerblock alignfull\">\n  <span class=\"theme-block__label\">Flexible block<\/span>\n  \n\n<h2 class=\"wp-block-heading has-text-align-center heading-size-3 has-primary-color has-text-color\" style=\"font-style:normal;font-weight:500\"><strong>Solutions immobili\u00e8res sans conflit \u00e0 travers le Canada<\/strong><\/h2>\n\n\n\n<div style=\"height:11px\" aria-hidden=\"true\" class=\"wp-block-spacer\"><\/div>\n\n\n\n<p class=\"has-text-align-center heading-size-2 has-xlarge-font-size\">En tant que cabinet exclusivement d\u00e9di\u00e9 aux locataires, Landmark Advisory Services<br> met \u00e0 disposition une expertise impartiale pour aider les entreprises \u00e0 s&rsquo;y retrouver<br> dans le paysage complexe de l&rsquo;immobilier commercial.<\/p>\n\n\n\n<div style=\"height:22px\" aria-hidden=\"true\" class=\"wp-block-spacer\"><\/div>\n\n\n\n<div style=\"height:21px\" aria-hidden=\"true\" class=\"wp-block-spacer\"><\/div>\n\n\n\n<div class=\"wp-block-buttons is-content-justification-center is-layout-flex wp-container-core-buttons-is-layout-1 wp-block-buttons-is-layout-flex\">\n<div class=\"wp-block-button\"><a class=\"wp-block-button__link wp-element-button\" href=\"https:\/\/www.landmarkcre.ca\/fr\/a-propos\/\">En savoir plus sur Landmark<\/a><\/div>\n<\/div>\n\n\n\n<div style=\"height:39px\" aria-hidden=\"true\" class=\"wp-block-spacer\"><\/div>\n\n\n\n<h3 class=\"wp-block-heading has-primary-color has-text-color\" style=\"font-style:normal;font-weight:500\">Couverture canadienne<\/h3>\n\n\n<section class=\"counter-block theme-block aligncenter\">\n  <div class=\"counter-block__container\">\n          <div class=\"counter-block__counters\">\n                  <div class=\"counter-block__item\" style=\"border-color: #EF3340;\">\n            <div class=\"counter-block__item__number__block\">\n                              <span class=\"counter-block__item__number\">450<\/span>\n                                            <span class=\"counter-block__item__suffixe\">+<\/span>\n                          <\/div>\n                          <p class=\"counter-block__item__info\">March\u00e9s actifs au Canada<\/p>\n                      <\/div>\n                  <div class=\"counter-block__item\" style=\"border-color: #EF3340;\">\n            <div class=\"counter-block__item__number__block\">\n                              <span class=\"counter-block__item__number\">19<\/span>\n                                            <span class=\"counter-block__item__suffixe\">M+<\/span>\n                          <\/div>\n                          <p class=\"counter-block__item__info\">Pi2 sous gestion<\/p>\n                      <\/div>\n                  <div class=\"counter-block__item\" style=\"border-color: #EF3340;\">\n            <div class=\"counter-block__item__number__block\">\n                              <span class=\"counter-block__item__number\">35 <\/span>\n                                            <span class=\"counter-block__item__suffixe\">+<\/span>\n                          <\/div>\n                          <p class=\"counter-block__item__info\">Ann\u00e9es d&#039;exp\u00e9rience<\/p>\n                      <\/div>\n                  <div class=\"counter-block__item\" style=\"border-color: #EF3340;\">\n            <div class=\"counter-block__item__number__block\">\n                              <span class=\"counter-block__item__number\">00<\/span>\n                                        <\/div>\n                          <p class=\"counter-block__item__info\">Bailleurs repr\u00e9sent\u00e9s<\/p>\n                      <\/div>\n         \n      <\/div>\n      <\/div>\n<\/section>\n\n\n<\/section>\n\n\n\n<section class=\"services-list-block theme-block alignfull\">\n  <a href=\"https:\/\/www.landmarkcre.ca\/fr\/nos-services\/\" class=\"btn\" target=\"_blank\" rel=\"noopener noreferrer\">\n    Nos services  <\/a>\n  <div class=\"services-list-block__container\">\n    <div class=\"service-list__title\">\n      <h2>Services immobiliers  <br> commerciaux destin\u00e9s<br> aux locataires<\/h2>\n    <\/div>\n          <div class=\"service-list__description\">\n        <p>Optimisez vos op\u00e9rations, maximisez votre portefeuille et r\u00e9v\u00e9lez des \u00e9conomies gr\u00e2ce \u00e0 des services sans conflit d\u2019int\u00e9r\u00eats con\u00e7us pour r\u00e9duire vos co\u00fbts d\u2019occupation.<\/p>\n      <\/div>\n              <div class=\"services__list\">\n                  \n                    \n          <h3 class=\"service__item__wrapper\"><a href=\"https:\/\/www.landmarkcre.ca\/fr\/nos-services\/recherche-et-etude-de-marche\/\" class=\"service__item\" style=\"border-color: #694092;\">\n            Recherche et \u00c9tude de March\u00e9          <\/a><\/h3>\n          <div class=\"service__image__container\">\n            <img decoding=\"async\" src=\"https:\/\/www.landmarkcre.ca\/wp-content\/uploads\/2022\/11\/Decisions.png\" loading=\"lazy\" class=\"service__image\" alt=\"D\u00e9cisions Proactives - Recherche et \u00e9tude de march\u00e9\" title=\"\">\n          <\/div>\n                  \n                    \n          <h3 class=\"service__item__wrapper\"><a href=\"https:\/\/www.landmarkcre.ca\/fr\/nos-services\/gestion-des-transactions\/\" class=\"service__item\" style=\"border-color: #9199ad;\">\n            Gestion des transactions          <\/a><\/h3>\n          <div class=\"service__image__container\">\n            <img decoding=\"async\" src=\"https:\/\/www.landmarkcre.ca\/wp-content\/uploads\/2022\/12\/Negociation.png\" loading=\"lazy\" class=\"service__image\" alt=\"N\u00e9gociations Proactives - Landmark illustration\" title=\"\">\n          <\/div>\n                  \n                    \n          <h3 class=\"service__item__wrapper\"><a href=\"https:\/\/www.landmarkcre.ca\/fr\/nos-services\/services-juridiques\/\" class=\"service__item\" style=\"border-color: #344456;\">\n            Services Juridiques          <\/a><\/h3>\n          <div class=\"service__image__container\">\n            <img decoding=\"async\" src=\"https:\/\/www.landmarkcre.ca\/wp-content\/uploads\/2022\/11\/Protection-1.jpg\" loading=\"lazy\" class=\"service__image\" alt=\"Protection Proactive - Landmark illustration\" title=\"\">\n          <\/div>\n                  \n                    \n          <h3 class=\"service__item__wrapper\"><a href=\"https:\/\/www.landmarkcre.ca\/fr\/nos-services\/administration-des-baux\/\" class=\"service__item\" style=\"border-color: #f18500;\">\n            Administration des baux commerciaux          <\/a><\/h3>\n          <div class=\"service__image__container\">\n            <img decoding=\"async\" src=\"https:\/\/www.landmarkcre.ca\/wp-content\/uploads\/2022\/11\/Depense.png\" loading=\"lazy\" class=\"service__image\" alt=\"D\u00e9penses Proactives - Administration des baux\" title=\"\">\n          <\/div>\n                  \n                    \n          <h3 class=\"service__item__wrapper\"><a href=\"https:\/\/www.landmarkcre.ca\/fr\/nos-services\/verification-des-baux\/\" class=\"service__item\" style=\"border-color: #d3a76c;\">\n            Audit de Bail Commercial          <\/a><\/h3>\n          <div class=\"service__image__container\">\n            <img decoding=\"async\" src=\"https:\/\/www.landmarkcre.ca\/wp-content\/uploads\/2022\/12\/Verifications-1.jpg\" loading=\"lazy\" class=\"service__image\" alt=\"V\u00e9rifications Proactives - Landmark illustration\" title=\"\">\n          <\/div>\n              <\/div>\n        <div class=\"services-list__btn\">\n      <a href=\"https:\/\/www.landmarkcre.ca\/fr\/nos-services\/\" class=\"btn\" target=\"_blank\" rel=\"noopener noreferrer\">\n        Nos services      <\/a>\n    <\/div>\n  <\/div>\n<\/section>\n\n<script>\n  (function () {\n    jQuery(\".service__item__wrapper:first-child\").addClass('service__item__wrapper--actif');\n    jQuery(\".service__item__wrapper:first-child\").children('.service__item').addClass('service__item--actif');\n\n    jQuery(\".service__item\").mouseover(function() {\n      jQuery(\".service__item__wrapper\").removeClass('service__item__wrapper--actif');\n      jQuery(\".service__item\").removeClass( 'service__item--actif' );\n      jQuery( this ).addClass( 'service__item--actif' );\n      jQuery( this ).parent('.service__item__wrapper').addClass( 'service__item__wrapper--actif' );\n    }).mouseout(function() {\n      jQuery(\".service__item\").removeClass( 'service__item--actif' );\n      jQuery(\".service__item__wrapper\").removeClass('service__item__wrapper--actif');\n      jQuery(\".service__item:first-child\").addClass('service__item--actif');\n      jQuery(\".service__item__wrapper:first-child\").addClass('service__item__wrapper--actif');\n    });\n  })(jQuery);\n<\/script>\n\n\n\n<div style=\"height:100px\" aria-hidden=\"true\" class=\"wp-block-spacer\"><\/div>\n\n\n\n<h2 class=\"wp-block-heading has-text-align-center\"><strong><strong>Choisi par<\/strong><\/strong><\/h2>\n\n\n\n<div class=\"wp-block-lcb-logo-carousel alcb-block-o94ma5s3 alignfull alcb__active_pagination\"><div dir=\"ltr\" class=\"alcb__carousel_container swiper\" data-desktop=\"5\" data-tablet=\"2\" data-mobile=\"1\" data-autoplay=\"true\" data-autoplaydelay=\"2000\" data-autoplaydirection=\"false\" data-speed=\"1300\" data-loop=\"true\" data-pauseonhover=\"true\" data-keyboard=\"false\" data-mousewheel=\"false\" data-autoheight=\"true\" data-deskspace=\"100\" data-tabspace=\"20\" data-phonespace=\"10\" data-id=\"alcb-block-o94ma5s3\" data-pagination=\"true\" data-navigation=\"true\" id=\"alcb-block-o94ma5s3\"><div class=\"swiper-wrapper\"><a class=\"swiper-slide alcb__logo-item\" style=\"border: 0 none #333333;border-radius:0px\" href=\"https:\/\/www.sonepar.com\/\" target=\"_blank\" rel=\"noopener noreferrer\"><div class=\"alcb__logo-image  alcb__none\"><img decoding=\"async\" src=\"https:\/\/www.landmarkcre.ca\/wp-content\/uploads\/2026\/03\/Sonepar-Trusts-Landmark-Advisory-Services.png\" alt=\"\" id=\"5804\" title=\"\"><\/div><\/a><a class=\"swiper-slide alcb__logo-item\" style=\"border: 0 none #333333;border-radius:0px\" href=\"https:\/\/www.uapinc.com\/en-ca\" target=\"_blank\" rel=\"noopener noreferrer\"><div class=\"alcb__logo-image  alcb__none\"><img decoding=\"async\" src=\"https:\/\/www.landmarkcre.ca\/wp-content\/uploads\/2026\/03\/UAP-Trusts-Landmark-Advisory-Services.png\" alt=\"\" id=\"5806\" title=\"\"><\/div><\/a><a class=\"swiper-slide alcb__logo-item\" style=\"border: 0 none #333333;border-radius:0px\" href=\"https:\/\/www.vallen.ca\/\" target=\"_blank\" rel=\"noopener noreferrer\"><div class=\"alcb__logo-image  alcb__none\"><img decoding=\"async\" src=\"https:\/\/www.landmarkcre.ca\/wp-content\/uploads\/2026\/03\/Vallen-Trusts-Landmark-Advisory-Services.png\" alt=\"\" id=\"5808\" title=\"\"><\/div><\/a><a class=\"swiper-slide alcb__logo-item\" style=\"border: 0 none #333333;border-radius:0px\" href=\"https:\/\/www.belroncanada.com\/en\/home.html\" target=\"_blank\" rel=\"noopener noreferrer\"><div class=\"alcb__logo-image  alcb__none\"><img decoding=\"async\" src=\"https:\/\/www.landmarkcre.ca\/wp-content\/uploads\/2026\/03\/Belron-Canada-Trusts-Landmark-Advisory-Services.png\" alt=\"\" id=\"5810\" title=\"\"><\/div><\/a><a class=\"swiper-slide alcb__logo-item\" style=\"border: 0 none #333333;border-radius:0px\" href=\"https:\/\/www.motioncanada.ca\/\" target=\"_blank\" rel=\"noopener noreferrer\"><div class=\"alcb__logo-image  alcb__none\"><img decoding=\"async\" src=\"https:\/\/www.landmarkcre.ca\/wp-content\/uploads\/2026\/03\/Motion-UAP-Trusts-Landmark-Advisory-Services.png\" alt=\"\" id=\"5812\" title=\"\"><\/div><\/a><\/div><\/div><div class=\"alcb__pag swiper-pagination\"><\/div><div class=\"navigation\"><div class=\"alcb__prev swiper-button-prev\"><\/div><div class=\"alcb__next swiper-button-next\"><\/div><\/div><\/div>\n\n\n\n<div style=\"height:75px\" aria-hidden=\"true\" class=\"wp-block-spacer\"><\/div>\n\n\n<section class=\"testimonials theme-block alignwide\">\n      <div class=\"testimonials__header\">\n      <h2>T\u00e9moignages<\/h2>\n      <span class=\"icon-quote\"><\/span>\n    <\/div>\n    <div class=\"testimonials__container swiper\">\n      <div class=\"testimonials__navigation--prev swiper-button-prev\"><\/div>\n      <div class=\"quotes__list swiper-wrapper\">\n                  <div class=\"quote__item swiper-slide\">\n            <div class=\"quote__item__content\">\n                              <div class=\"quote__text\">\n                  <p>\u00ab <span lang=\"fr-CA\" data-olk-copy-source=\"MessageBody\">Depuis le premier jour l\u2019\u00e9nergie et la collaboration des partenaires de Landmark sont demeur\u00e9es exemplaires. <\/span><span lang=\"fr-CA\">Nous avons \u00e9labor\u00e9 ensemble un plan de transition et de formation. <\/span><span lang=\"fr-CA\">La communication est fluide et ils ont saisis nos besoins tr\u00e8s rapidement. <\/span><span lang=\"fr-CA\">Sur une base r\u00e9guli\u00e8re nous travaillons \u00e9troitement et ce de fa\u00e7on rapide et efficace. <\/span><span lang=\"fr-CA\">Nous sommes tr\u00e8s satisfaits d\u2019avoir confi\u00e9 l\u2019administration de nos baux a Landmark et nous les recommandons fortement. <\/span>\u00bb<\/p>\n                <\/div>\n                <div class=\"quote__author-infos\">\n                  <p class=\"quote__author-name\">Linda Hotte<\/p>\n                  <p class=\"quote__author-info\">Contr\u00f4leur, inventaire et audit, Bouclair<\/p>\n                <\/div>\n                          <\/div>\n          <\/div>\n                  <div class=\"quote__item swiper-slide\">\n            <div class=\"quote__item__content\">\n                              <div class=\"quote__text\">\n                  <p>\u00ab Je voulais simplement vous faire savoir que nous avons sign\u00e9 le bail aujourd\u2019hui; nous sommes tr\u00e8s heureux et enthousiastes de l\u2019avoir enfin conclu. \u00c7a a \u00e9t\u00e9 un long processus (il nous a en fait fallu plus de cinq ans pour trouver le bon espace), alors franchir la ligne d\u2019arriv\u00e9e est vraiment satisfaisant\u2026 Nous avons vraiment appr\u00e9ci\u00e9 vos conseils; votre accompagnement a \u00e9t\u00e9 r\u00e9fl\u00e9chi et pratique, et votre r\u00e9activit\u00e9 a grandement facilit\u00e9 l\u2019ensemble du processus. \u00bb<\/p>\n                <\/div>\n                <div class=\"quote__author-infos\">\n                  <p class=\"quote__author-name\">Mada Liyous<\/p>\n                  <p class=\"quote__author-info\">Directrice juridique, Shakepay<\/p>\n                <\/div>\n                          <\/div>\n          <\/div>\n                  <div class=\"quote__item swiper-slide\">\n            <div class=\"quote__item__content\">\n                              <div class=\"quote__text\">\n                  <p><span class=\"color_11\">\u00ab\u00a0Malgr\u00e9 nos ressources internes importantes, le recours aux services de Landmark pour g\u00e9rer tous les aspects de l\u2019immobilier\u00a0nous a permis d\u2019aller chercher l\u2019expertise qu\u2019il nous aurait \u00e9t\u00e9 impossible de fournir \u00e0 l\u2019interne, tout en nous rendant imputables.\u00a0\u00bb<\/span><\/p>\n                <\/div>\n                <div class=\"quote__author-infos\">\n                  <p class=\"quote__author-name\">Vice-pr\u00e9sident ex\u00e9cutif<\/p>\n                  <p class=\"quote__author-info\">UAP, filiale de Genuine Parts Company<\/p>\n                <\/div>\n                          <\/div>\n          <\/div>\n                  <div class=\"quote__item swiper-slide\">\n            <div class=\"quote__item__content\">\n                              <div class=\"quote__text\">\n                  <div id=\"bgLayers_comp-kcoypaor\" class=\"_3wnIc _1FJJ6\" data-hook=\"bgLayers\">\n<p id=\"bgMedia_comp-kcoypaor\" class=\"_2GUhU\">\u00ab Nous consid\u00e9rons Landmark comme notre partenaire pour toutes nos d\u00e9cisions touchant l\u2019immobilier; son r\u00f4le a \u00e9t\u00e9 d\u00e9terminant dans notre croissance continue. \u00bb<\/p>\n<\/div>\n                <\/div>\n                <div class=\"quote__author-infos\">\n                  <p class=\"quote__author-name\">Pr\u00e9sident<\/p>\n                  <p class=\"quote__author-info\">Sonepar Canada<\/p>\n                <\/div>\n                          <\/div>\n          <\/div>\n                  <div class=\"quote__item swiper-slide\">\n            <div class=\"quote__item__content\">\n                              <div class=\"quote__text\">\n                  <div id=\"bgLayers_comp-kcoypap0\" class=\"_3wnIc _1FJJ6\" data-hook=\"bgLayers\">\n<p id=\"bgMedia_comp-kcoypap0\" class=\"_2GUhU\">\u00ab L\u2019expertise, la diligence et le professionnalisme de Landmark apportent un vent de fra\u00eecheur \u00e0 l\u2019approche transactionnelle habituelle. \u00bb<\/p>\n<\/div>\n                <\/div>\n                <div class=\"quote__author-infos\">\n                  <p class=\"quote__author-name\">Vice Pr\u00e9sident<\/p>\n                  <p class=\"quote__author-info\">CAE<\/p>\n                <\/div>\n                          <\/div>\n          <\/div>\n              <\/div>\n      <div class=\"testimonials__navigation--next swiper-button-next\"><\/div>\n      <div class=\"testimonials__navigation\"><\/div>\n    <\/div>\n  <\/section>\n\n\n\n<section class=\"two-sections-cta theme-block alignfull\">\n  <div class=\"two-sections-cta__header\">\n    <div class=\"two-sections-cta__header__titles\">\n              <h2>Conseils pour locataires<\/h2>\n                    <h3>Les derniers articles sur l&rsquo;immobilier commercial<\/h3>\n          <\/div>\n          <a href=\"https:\/\/www.landmarkcre.ca\/fr\/blogue\/\" target=\"_blank\" class=\"btn\" rel=\"noopener noreferrer\">Voir nos conseils<\/a>      <\/div>\n  \n  <div class=\"two-sections-cta__container\">\n    <div class=\"cta-section cta-section__left\" style=\"--bg-color-left: #EF3340;\">\n      <div class=\"cta-section__container\">\n                  <img decoding=\"async\" src=\"https:\/\/www.landmarkcre.ca\/wp-content\/uploads\/2026\/04\/Busy-office-lobby.png\" loading=\"lazy\" alt=\"\" title=\"\">\n                          <h3 class=\"heading-size-4\">L&#039;impact de l&#039;inflation sur les frais de gestion immobili\u00e8re et les charges locatives des baux commerciaux au Canada<\/h3>\n                          <div class=\"cta-section__text\">\n            <p>L\u2019inflation n\u2019affecte pas seulement les salaires et les fournitures : elle a \u00e9galement un impact direct sur les charges des parties communes et les d\u00e9penses li\u00e9es aux baux. D\u00e9couvrez comment cette hausse des co\u00fbts se manifeste et ce \u00e0 quoi il faut pr\u00eater attention.<\/p>\n          <\/div>\n                          <a href=\"https:\/\/www.landmarkcre.ca\/fr\/blogue\/limpact-de-linflation-sur-les-frais-de-gestion-immobiliere-et-les-charges-locatives-des-baux-commerciaux-au-canada\/\" target=\"_blank\" class=\"btn cta-section__btn\" rel=\"noopener noreferrer\">En savoir plus<\/a>              <\/div>\n    <\/div>\n    <div class=\"cta-section cta-section__right\" style=\"--bg-color-right: #344456;\">\n      <div class=\"cta-section__container\">\n                  <img decoding=\"async\" src=\"https:\/\/www.landmarkcre.ca\/wp-content\/uploads\/2026\/04\/Commercial-Lease-Legal.png\" loading=\"lazy\" alt=\"\" title=\"\">\n                          <h3 class=\"heading-size-4\">Principaux signaux d\u2019alerte dans les baux commerciaux au Canada : ce que les locataires doivent savoir avant de signer<\/h3>\n                          <div class=\"cta-section__text\">\n            <p>Les baux commerciaux peuvent contenir des risques cach\u00e9s qui influencent les co\u00fbts, la flexibilit\u00e9 et le contr\u00f4le. D\u00e9couvrez les principaux signaux d\u2019alerte \u00e0 identifier avant de signer.<\/p>\n          <\/div>\n                          <a href=\"https:\/\/www.landmarkcre.ca\/fr\/blogue\/principaux-signaux-dalerte-dans-les-baux-commerciaux-au-canada-ce-que-les-locataires-doivent-savoir-avant-de-signer\/\" target=\"_blank\" class=\"btn cta-section__btn\" rel=\"noopener noreferrer\">Faites en sorte que votre bail travaille en votre faveur<\/a>              <\/div>\n    <\/div>\n  <\/div>\n<\/section>\n","protected":false},"excerpt":{"rendered":"<p>Choisi par<\/p>\n","protected":false},"author":1,"featured_media":0,"parent":0,"menu_order":0,"comment_status":"closed","ping_status":"open","template":"page-homepage.php","meta":{"_acf_changed":false,"_relevanssi_hide_post":"","_relevanssi_hide_content":"","_relevanssi_pin_for_all":"","_relevanssi_pin_keywords":"","_relevanssi_unpin_keywords":"","_relevanssi_related_keywords":"","_relevanssi_related_include_ids":"","_relevanssi_related_exclude_ids":"","_relevanssi_related_no_append":"","_relevanssi_related_not_related":"","_relevanssi_related_posts":"1680,1661,2900,3480,5192,5519","_relevanssi_noindex_reason":"","footnotes":""},"class_list":["post-5888","page","type-page","status-publish","hentry"],"acf":[],"_links":{"self":[{"href":"https:\/\/www.landmarkcre.ca\/fr\/wp-json\/wp\/v2\/pages\/5888","targetHints":{"allow":["GET"]}}],"collection":[{"href":"https:\/\/www.landmarkcre.ca\/fr\/wp-json\/wp\/v2\/pages"}],"about":[{"href":"https:\/\/www.landmarkcre.ca\/fr\/wp-json\/wp\/v2\/types\/page"}],"author":[{"embeddable":true,"href":"https:\/\/www.landmarkcre.ca\/fr\/wp-json\/wp\/v2\/users\/1"}],"replies":[{"embeddable":true,"href":"https:\/\/www.landmarkcre.ca\/fr\/wp-json\/wp\/v2\/comments?post=5888"}],"version-history":[{"count":7,"href":"https:\/\/www.landmarkcre.ca\/fr\/wp-json\/wp\/v2\/pages\/5888\/revisions"}],"predecessor-version":[{"id":6132,"href":"https:\/\/www.landmarkcre.ca\/fr\/wp-json\/wp\/v2\/pages\/5888\/revisions\/6132"}],"wp:attachment":[{"href":"https:\/\/www.landmarkcre.ca\/fr\/wp-json\/wp\/v2\/media?parent=5888"}],"curies":[{"name":"wp","href":"https:\/\/api.w.org\/{rel}","templated":true}]}}