{"id":461,"date":"2022-08-30T10:16:09","date_gmt":"2022-08-30T14:16:09","guid":{"rendered":"https:\/\/www.landmarkcre.ca\/about\/"},"modified":"2025-01-30T16:38:18","modified_gmt":"2025-01-30T21:38:18","slug":"a-propos","status":"publish","type":"page","link":"https:\/\/www.landmarkcre.ca\/fr\/a-propos\/","title":{"rendered":"\u00c0 propos"},"content":{"rendered":"\n<h2 class=\"wp-block-heading alignwide is-style-heading-bottom-bar\">NOTRE RAISON D&rsquo;\u00caTRE<\/h2>\n\n\n\n<div class=\"wp-block-media-text alignwide is-stacked-on-mobile\" style=\"grid-template-columns:19% auto\"><figure class=\"wp-block-media-text__media\"><img decoding=\"async\" width=\"848\" height=\"848\" src=\"https:\/\/www.landmarkcre.ca\/wp-content\/uploads\/2022\/10\/Landmark_Seal_EN_RGB.png\" alt=\"\" class=\"wp-image-817 size-full\" title=\"\" srcset=\"https:\/\/www.landmarkcre.ca\/wp-content\/uploads\/2022\/10\/Landmark_Seal_EN_RGB.png 848w, https:\/\/www.landmarkcre.ca\/wp-content\/uploads\/2022\/10\/Landmark_Seal_EN_RGB-300x300.png 300w, https:\/\/www.landmarkcre.ca\/wp-content\/uploads\/2022\/10\/Landmark_Seal_EN_RGB-150x150.png 150w, https:\/\/www.landmarkcre.ca\/wp-content\/uploads\/2022\/10\/Landmark_Seal_EN_RGB-768x768.png 768w\" sizes=\"(max-width: 848px) 100vw, 848px\" \/><\/figure><div class=\"wp-block-media-text__content\">\n<p class=\"is-style-justified has-black-color has-text-color\"><strong>Landmark est une soci\u00e9t\u00e9 de services immobiliers commerciaux dont le but est de se d\u00e9marquer et d\u2019\u00eatre le moteur de changement dans une industrie transactionnelle en utilisant un mod\u00e8le centr\u00e9 sur les relations.<\/strong><\/p>\n\n\n\n<p class=\"has-text-align-left is-style-justified has-black-color has-text-color\">Les commissions g\u00e9n\u00e9r\u00e9es sont des revenus pour l&rsquo;entreprise et sont r\u00e9investies dans le capital humain, apportant une valeur ajout\u00e9e aux clients gr\u00e2ce \u00e0 notre \u00e9quipe d&rsquo;experts immobiliers. Nous avons d\u00e9velopp\u00e9 un mod\u00e8le d\u2019affaires unique permettant aux locataires d\u2019en tirer une v\u00e9ritable valeur et de tenir leurs propri\u00e9taires responsables du respect de leurs obligations en vertu du bail. Nous repr\u00e9sentons les locataires uniquement, de sorte qu\u2019il n\u2019y ait jamais de conflits d\u2019int\u00e9r\u00eats. Landmark est fond\u00e9 sur la cr\u00e9ation de partenariats d\u00e9vou\u00e9s.&nbsp; Un partenariat avec nos clients signifie comprendre leur activit\u00e9 et fournir l&rsquo;expertise n\u00e9cessaire en mati\u00e8re d&rsquo;immobilier commercial. <\/p>\n\n\n\n<h3 class=\"wp-block-heading has-text-align-left is-style-justified has-black-color has-text-color has-medium-font-size\"><strong>Un v\u00e9ritable partenariat. Un partenariat proactif.<\/strong><\/h3>\n\n\n\n<div class=\"wp-block-columns is-layout-flex wp-container-core-columns-is-layout-1 wp-block-columns-is-layout-flex\">\n<div class=\"wp-block-column is-layout-flow wp-block-column-is-layout-flow\">\n<div class=\"wp-block-buttons is-layout-flex wp-block-buttons-is-layout-flex\">\n<div class=\"wp-block-button\"><a class=\"wp-block-button__link wp-element-button\" href=\"https:\/\/www.landmarkcre.ca\/fr\/a-propos\/notre-equipe\/\">D\u00e9couvrez notre \u00e9quipe<\/a><\/div>\n<\/div>\n<\/div>\n\n\n\n<div class=\"wp-block-column is-layout-flow wp-block-column-is-layout-flow\">\n<div class=\"wp-block-buttons is-layout-flex wp-block-buttons-is-layout-flex\">\n<div class=\"wp-block-button\"><a class=\"wp-block-button__link wp-element-button\" href=\"https:\/\/www.landmarkcre.ca\/fr\/nos-services\/\">D\u00e9couvrez nos services<\/a><\/div>\n<\/div>\n<\/div>\n<\/div>\n<\/div><\/div>\n\n\n\n<figure class=\"wp-block-embed is-type-video is-provider-youtube wp-block-embed-youtube wp-embed-aspect-16-9 wp-has-aspect-ratio\"><div class=\"wp-block-embed__wrapper\">\n<iframe title=\"Landmark\" width=\"500\" height=\"281\" src=\"https:\/\/www.youtube.com\/embed\/Nae3htU_jHY?feature=oembed\" frameborder=\"0\" allow=\"accelerometer; autoplay; clipboard-write; encrypted-media; gyroscope; picture-in-picture; web-share\" referrerpolicy=\"strict-origin-when-cross-origin\" allowfullscreen><\/iframe>\n<\/div><\/figure>\n\n\n\n<hr class=\"wp-block-separator alignwide has-alpha-channel-opacity is-style-default\"\/>\n\n\n\n<h2 class=\"wp-block-heading alignwide is-style-heading-bottom-bar\">FIER MEMBRE<\/h2>\n\n\n\n<p class=\"is-style-justified\">Landmark est un membre des r\u00e9seaux <a href=\"https:\/\/www.sior.com\/\" target=\"_blank\" rel=\"noreferrer noopener\"><strong> SIOR <\/strong><\/a>et <a href=\"https:\/\/exisglobal.com\/\" target=\"_blank\" rel=\"noreferrer noopener\"><strong>Exis Global<\/strong> <\/a>, lesquels nous permettent de nous associer \u00e0 des partenaires exp\u00e9riment\u00e9s, peu importe le type de march\u00e9, d&rsquo;actifs ou de projets. <\/p>\n\n\n\n<div class=\"wp-block-columns is-layout-flex wp-container-core-columns-is-layout-2 wp-block-columns-is-layout-flex\">\n<div class=\"wp-block-column is-layout-flow wp-block-column-is-layout-flow\">\n<figure class=\"wp-block-image size-large is-resized\"><a href=\"https:\/\/www.exisglobal.com\/\" target=\"_blank\" rel=\"Exis Global noopener\"><img decoding=\"async\" width=\"1024\" height=\"674\" src=\"https:\/\/www.landmarkcre.ca\/wp-content\/uploads\/2024\/12\/ExisLogo_Blue_website-2-1024x674.png\" alt=\"\" class=\"wp-image-3177\" style=\"width:296px;height:auto\" title=\"\" srcset=\"https:\/\/www.landmarkcre.ca\/wp-content\/uploads\/2024\/12\/ExisLogo_Blue_website-2-1024x674.png 1024w, https:\/\/www.landmarkcre.ca\/wp-content\/uploads\/2024\/12\/ExisLogo_Blue_website-2-300x197.png 300w, https:\/\/www.landmarkcre.ca\/wp-content\/uploads\/2024\/12\/ExisLogo_Blue_website-2-768x505.png 768w, https:\/\/www.landmarkcre.ca\/wp-content\/uploads\/2024\/12\/ExisLogo_Blue_website-2.png 1368w\" sizes=\"(max-width: 1024px) 100vw, 1024px\" \/><\/a><\/figure>\n<\/div>\n\n\n\n<div class=\"wp-block-column is-layout-flow wp-block-column-is-layout-flow\">\n<figure class=\"wp-block-image aligncenter size-large\"><a href=\"https:\/\/www.sior.com\/\" target=\"_blank\" rel=\"SIOR noopener\"><img decoding=\"async\" width=\"1024\" height=\"491\" src=\"https:\/\/www.landmarkcre.ca\/wp-content\/uploads\/2022\/11\/SIOR-Logo-1024x491.png\" alt=\"\" class=\"wp-image-1427\" title=\"\" srcset=\"https:\/\/www.landmarkcre.ca\/wp-content\/uploads\/2022\/11\/SIOR-Logo-1024x491.png 1024w, https:\/\/www.landmarkcre.ca\/wp-content\/uploads\/2022\/11\/SIOR-Logo-300x144.png 300w, https:\/\/www.landmarkcre.ca\/wp-content\/uploads\/2022\/11\/SIOR-Logo-768x368.png 768w, https:\/\/www.landmarkcre.ca\/wp-content\/uploads\/2022\/11\/SIOR-Logo.png 1182w\" sizes=\"(max-width: 1024px) 100vw, 1024px\" \/><\/a><\/figure>\n<\/div>\n<\/div>\n\n\n\n<hr class=\"wp-block-separator alignwide has-alpha-channel-opacity\"\/>\n\n\n\n<div class=\"wp-block-columns are-vertically-aligned-center is-layout-flex wp-container-core-columns-is-layout-3 wp-block-columns-is-layout-flex\">\n<div class=\"wp-block-column is-vertically-aligned-center is-layout-flow wp-block-column-is-layout-flow\">\n<div class=\"wp-block-buttons is-layout-flex wp-block-buttons-is-layout-flex\">\n<div class=\"wp-block-button aligncenter\"><a class=\"wp-block-button__link wp-element-button\" href=\"https:\/\/www.landmarkcre.ca\/fr\/a-propos\/notre-equipe\/\" target=\"_blank\" rel=\"noreferrer noopener\">Notre \u00e9quipe<\/a><\/div>\n<\/div>\n<\/div>\n\n\n\n<div class=\"wp-block-column is-vertically-aligned-center is-layout-flow wp-block-column-is-layout-flow\">\n<div class=\"wp-block-buttons is-layout-flex wp-block-buttons-is-layout-flex\">\n<div class=\"wp-block-button aligncenter\"><a class=\"wp-block-button__link wp-element-button\" href=\"https:\/\/www.landmarkcre.ca\/fr\/carrieres\/\">Carri\u00e8res<\/a><\/div>\n<\/div>\n<\/div>\n<\/div>\n","protected":false},"excerpt":{"rendered":"<p>NOTRE RAISON D&rsquo;\u00caTRE FIER MEMBRE Landmark est un membre des r\u00e9seaux SIOR et Exis Global , lesquels nous permettent de nous associer \u00e0 des partenaires exp\u00e9riment\u00e9s, peu importe le type de march\u00e9, d&rsquo;actifs ou de projets.<\/p>\n","protected":false},"author":1,"featured_media":500,"parent":0,"menu_order":0,"comment_status":"closed","ping_status":"closed","template":"","meta":{"_acf_changed":false,"_relevanssi_hide_post":"","_relevanssi_hide_content":"","_relevanssi_pin_for_all":"","_relevanssi_pin_keywords":"","_relevanssi_unpin_keywords":"","_relevanssi_related_keywords":"","_relevanssi_related_include_ids":"","_relevanssi_related_exclude_ids":"","_relevanssi_related_no_append":"","_relevanssi_related_not_related":"","_relevanssi_related_posts":"229,218,214,217,213,219","_relevanssi_noindex_reason":"","footnotes":""},"class_list":["post-461","page","type-page","status-publish","has-post-thumbnail","hentry"],"acf":[],"_links":{"self":[{"href":"https:\/\/www.landmarkcre.ca\/fr\/wp-json\/wp\/v2\/pages\/461","targetHints":{"allow":["GET"]}}],"collection":[{"href":"https:\/\/www.landmarkcre.ca\/fr\/wp-json\/wp\/v2\/pages"}],"about":[{"href":"https:\/\/www.landmarkcre.ca\/fr\/wp-json\/wp\/v2\/types\/page"}],"author":[{"embeddable":true,"href":"https:\/\/www.landmarkcre.ca\/fr\/wp-json\/wp\/v2\/users\/1"}],"replies":[{"embeddable":true,"href":"https:\/\/www.landmarkcre.ca\/fr\/wp-json\/wp\/v2\/comments?post=461"}],"version-history":[{"count":7,"href":"https:\/\/www.landmarkcre.ca\/fr\/wp-json\/wp\/v2\/pages\/461\/revisions"}],"predecessor-version":[{"id":3298,"href":"https:\/\/www.landmarkcre.ca\/fr\/wp-json\/wp\/v2\/pages\/461\/revisions\/3298"}],"wp:featuredmedia":[{"embeddable":true,"href":"https:\/\/www.landmarkcre.ca\/fr\/wp-json\/wp\/v2\/media\/500"}],"wp:attachment":[{"href":"https:\/\/www.landmarkcre.ca\/fr\/wp-json\/wp\/v2\/media?parent=461"}],"curies":[{"name":"wp","href":"https:\/\/api.w.org\/{rel}","templated":true}]}}