{"id":2052,"date":"2023-02-02T17:12:46","date_gmt":"2023-02-02T22:12:46","guid":{"rendered":"https:\/\/www.landmarkcre.ca\/our-culture\/"},"modified":"2023-11-09T09:09:52","modified_gmt":"2023-11-09T14:09:52","slug":"notre-culture","status":"publish","type":"page","link":"https:\/\/www.landmarkcre.ca\/fr\/notre-culture\/","title":{"rendered":"Notre culture"},"content":{"rendered":"\n<h2 class=\"wp-block-heading is-style-heading-bottom-bar\">Nous sommes AUDACIEUX<\/h2>\n\n\n\n<p>Nous agissons et nous nous employons sans rel\u00e2che \u00e0 poursuivre nos objectifs. Nous repoussons les limites habituelles de la pens\u00e9e conventionnelle et nous sommes fiers d&rsquo;\u00eatre un catalyseur de changement dans l\u2019industrie.<\/p>\n\n\n\n<h2 class=\"wp-block-heading is-style-heading-bottom-bar\">Nous sommes COLLABORATIFS<\/h2>\n\n\n\n<p>Nous sommes une entit\u00e9 \u00e0 but unique travaillant ensemble pour atteindre nos objectifs. Nous nous soutenons mutuellement, surtout dans les moments difficiles, et nous c\u00e9l\u00e9brons les r\u00e9ussites ensemble.<\/p>\n\n\n\n<h2 class=\"wp-block-heading is-style-heading-bottom-bar\">Nous sommes CONCENTR\u00c9S<\/h2>\n\n\n\n<p>Nous savons ce que nous devons accomplir et nous y travaillons sans rel\u00e2che. Nous ne nous laissons pas distraire. Nous choisissons judicieusement ce que nous faisons.<\/p>\n\n\n\n<h2 class=\"wp-block-heading is-style-heading-bottom-bar\">Nous sommes HUMBLES<\/h2>\n\n\n\n<p>Nous connaissons nos capacit\u00e9s, nous demandons de l&rsquo;aide et des conseils si n\u00e9cessaire.&nbsp; Nous comprenons l\u2019importance de prendre du recul et de se r\u00e9ajuster.<\/p>\n\n\n\n<h2 class=\"wp-block-heading is-style-heading-bottom-bar\">Nous sommes INNOVATEURS<\/h2>\n\n\n\n<p>Nous \u00e9voluons avec force et passion et saisissons les opportunit\u00e9s de changement. Nous ne craignons pas de prendre des risques.<\/p>\n\n\n\n<p><strong>Nous SOMMES les leaders canadiens des services immobiliers ax\u00e9s sur les locataires. Nous mettons \u00e0 profit l&rsquo;influence collective des locataires et nous renfor\u00e7ons la valeur qu&rsquo;ils cr\u00e9ent.<\/strong><\/p>\n\n\n\n<p><strong>NOUS CHANGEONS LE NARRATIF.<\/strong><\/p>\n\n\n\n<section class=\"two-sections-cta theme-block alignfull\">\n  <div class=\"two-sections-cta__header\">\n    <div class=\"two-sections-cta__header__titles\">\n              <h2>Notre culture d&#039;entreprise en action<\/h2>\n                <\/div>\n      <\/div>\n  \n  <div class=\"two-sections-cta__container\">\n    <div class=\"cta-section cta-section__left\" style=\"--bg-color-left: #EF3340;\">\n      <div class=\"cta-section__container\">\n                  <img decoding=\"async\" src=\"https:\/\/www.landmarkcre.ca\/wp-content\/uploads\/2023\/10\/IMG_4065_copy.jpg\" loading=\"lazy\" alt=\"Le bien-\u00eatre des employ\u00e9s de Landmark\" title=\"\">\n                          <h3 class=\"heading-size-4\">Soutenir nos \u00e9quipes de l\u2019int\u00e9rieur : La culture d\u2019entreprise et le bien-\u00eatre des employ\u00e9s chez Landmark<\/h3>\n                          <div class=\"cta-section__text\">\n            <p>Dans le monde professionnel en constante \u00e9volution d\u2019aujourd\u2019hui, le bien-\u00eatre des employ\u00e9s et la culture d\u2019entreprise sont plus importants que jamais.<\/p>\n          <\/div>\n                          <a href='https:\/\/www.landmarkcre.ca\/fr\/blogue\/landmarks-company-culture-nurturing-employee-well-being-for-success\/' class=\"btn cta-section__btn\">En savoir plus<\/a>              <\/div>\n    <\/div>\n    <div class=\"cta-section cta-section__right\" style=\"--bg-color-right: #344456;\">\n      <div class=\"cta-section__container\">\n                  <img decoding=\"async\" src=\"https:\/\/www.landmarkcre.ca\/wp-content\/uploads\/2023\/10\/IMG_9172.png\" loading=\"lazy\" alt=\"10e anniversaire de Landmark\" title=\"\">\n                          <h3 class=\"heading-size-4\">10e anniversaire de Landmark! <\/h3>\n                          <div class=\"cta-section__text\">\n            <p>Pour souligner cette \u00e9tape importante, nous avons lanc\u00e9 une campagne qui refl\u00e8te l\u2019essence de notre parcours jusqu&rsquo;\u00e0 pr\u00e9sent. Celle-ci ne se limite pas \u00e0 c\u00e9l\u00e9brer le succ\u00e8s de Landmark; elle vise aussi \u00e0 honorer le parcours de chaque Landmarkien, ainsi que les relations et les exp\u00e9riences acquises en cours de route.<\/p>\n          <\/div>\n                          <a href=\"https:\/\/www.youtube.com\/watch?v=MMaMbZCF4hk&amp;t=4s\" class=\"btn cta-section__btn\" target=\"_blank\" rel=\"noopener\">En savoir plus<\/a>              <\/div>\n    <\/div>\n  <\/div>\n<\/section>\n","protected":false},"excerpt":{"rendered":"<p>Nous sommes AUDACIEUX Nous agissons et nous nous employons sans rel\u00e2che \u00e0 poursuivre nos objectifs. Nous repoussons les limites habituelles de la pens\u00e9e conventionnelle et nous sommes fiers d&rsquo;\u00eatre un catalyseur de changement dans l\u2019industrie. Nous sommes COLLABORATIFS Nous sommes une entit\u00e9 \u00e0 but unique travaillant ensemble pour atteindre nos objectifs. Nous nous soutenons mutuellement,&hellip;<\/p>\n","protected":false},"author":3,"featured_media":2156,"parent":0,"menu_order":0,"comment_status":"closed","ping_status":"closed","template":"","meta":{"_acf_changed":false,"_relevanssi_hide_post":"","_relevanssi_hide_content":"","_relevanssi_pin_for_all":"","_relevanssi_pin_keywords":"","_relevanssi_unpin_keywords":"","_relevanssi_related_keywords":"","_relevanssi_related_include_ids":"","_relevanssi_related_exclude_ids":"","_relevanssi_related_no_append":"","_relevanssi_related_not_related":"","_relevanssi_related_posts":"773,797,1295,793,785,1372","_relevanssi_noindex_reason":"","footnotes":""},"class_list":["post-2052","page","type-page","status-publish","has-post-thumbnail","hentry"],"acf":[],"_links":{"self":[{"href":"https:\/\/www.landmarkcre.ca\/fr\/wp-json\/wp\/v2\/pages\/2052","targetHints":{"allow":["GET"]}}],"collection":[{"href":"https:\/\/www.landmarkcre.ca\/fr\/wp-json\/wp\/v2\/pages"}],"about":[{"href":"https:\/\/www.landmarkcre.ca\/fr\/wp-json\/wp\/v2\/types\/page"}],"author":[{"embeddable":true,"href":"https:\/\/www.landmarkcre.ca\/fr\/wp-json\/wp\/v2\/users\/3"}],"replies":[{"embeddable":true,"href":"https:\/\/www.landmarkcre.ca\/fr\/wp-json\/wp\/v2\/comments?post=2052"}],"version-history":[{"count":7,"href":"https:\/\/www.landmarkcre.ca\/fr\/wp-json\/wp\/v2\/pages\/2052\/revisions"}],"predecessor-version":[{"id":2674,"href":"https:\/\/www.landmarkcre.ca\/fr\/wp-json\/wp\/v2\/pages\/2052\/revisions\/2674"}],"wp:featuredmedia":[{"embeddable":true,"href":"https:\/\/www.landmarkcre.ca\/fr\/wp-json\/wp\/v2\/media\/2156"}],"wp:attachment":[{"href":"https:\/\/www.landmarkcre.ca\/fr\/wp-json\/wp\/v2\/media?parent=2052"}],"curies":[{"name":"wp","href":"https:\/\/api.w.org\/{rel}","templated":true}]}}