{"id":1762,"date":"2022-08-30T14:02:55","date_gmt":"2022-08-30T18:02:55","guid":{"rendered":"https:\/\/www.landmarkcre.ca\/terms-of-use\/"},"modified":"2023-07-21T13:57:20","modified_gmt":"2023-07-21T17:57:20","slug":"conditions-utilisation","status":"publish","type":"page","link":"https:\/\/www.landmarkcre.ca\/fr\/conditions-utilisation\/","title":{"rendered":"Conditions d&rsquo;utilisation"},"content":{"rendered":"\n<h6 class=\"wp-block-heading\">\u200bAcceptation des conditions<\/h6>\n\n\n\n<p>Les conditions g\u00e9n\u00e9rales suivantes (\u00ab\u00a0Conditions d&rsquo;utilisation\u00a0\u00bb) r\u00e9gissent votre acc\u00e8s et votre utilisation de ce site Web, y compris le contenu et les services offerts sur ou via ce site Web (le \u00ab\u00a0Site Web \u00ab\u00a0). En utilisant le site Web, vous acceptez et convenez de suivre les pr\u00e9sentes conditions d&rsquo;utilisation et notre politique de confidentialit\u00e9, qui se trouvent \u00e0 l&rsquo;adresse www.landmarkcre.ca. Si vous n&rsquo;acceptez pas ces conditions d&rsquo;utilisation ou la politique de confidentialit\u00e9, vous ne devez pas acc\u00e9der ou utiliser le site Web.<\/p>\n\n\n\n<p>Renseignements sur vous et vos visites sur le site Web<\/p>\n\n\n\n<p>En utilisant le site Web, vous consentez \u00e0 ce que nous utilisions vos informations conform\u00e9ment \u00e0 la politique de confidentialit\u00e9. Nous ne vous informerons pas de telles modifications ou mises \u00e0 jour.<\/p>\n\n\n\n<p>Modification du site Web<\/p>\n\n\n\n<p>Nous pouvons modifier ou mettre \u00e0 jour le contenu de ce site Web de temps \u00e0 autre, mais son contenu peut ne pas \u00eatre complet ou \u00e0 jour \u00e0 tout moment donn\u00e9.<\/p>\n\n\n\n<p>Exactitude et fiabilit\u00e9 de l&rsquo;information du site Web<\/p>\n\n\n\n<p>Les informations pr\u00e9sent\u00e9es sur ou via le Site sont mises \u00e0 disposition uniquement \u00e0 des fins d&rsquo;information g\u00e9n\u00e9rale. Nous ne garantissons pas l&rsquo;exactitude ou l&rsquo;exhaustivit\u00e9 de ces informations, et d\u00e9clinons toute responsabilit\u00e9 quant \u00e0 la fiabilit\u00e9 de ces informations.<\/p>\n\n\n\n<p>Ce site Web peut inclure du contenu fourni par des tiers. Toutes les d\u00e9clarations et opinions de ces tiers sont la responsabilit\u00e9 exclusive de la personne qui fournit ces documents et ne refl\u00e8tent pas n\u00e9cessairement l&rsquo;opinion de Services Conseils Landmark Inc.<\/p>\n\n\n\n<p>Contributions des utilisateurs<\/p>\n\n\n\n<p>Le site Web peut contenir ou fournir des liens vers des babillards \u00e9lectroniques, des pages Web ou des profils personnels, des forums de discussion, des babillards \u00e9lectroniques, des clavardages en direct et d&rsquo;autres fonctions interactives (\u00ab\u00a0services interactifs\u00a0\u00bb) qui permettent aux utilisateurs d&rsquo;afficher du contenu ou du mat\u00e9riel (\u00ab\u00a0contributions des utilisateurs\u00a0\u00bb) sur le site Web ou par son entremise.<\/p>\n\n\n\n<p>Toutes les Contributions de l&rsquo;Utilisateur doivent \u00eatre conformes aux Normes de Contenu telles que d\u00e9finies ci-dessous dans les pr\u00e9sentes Conditions d&rsquo;Utilisation.<\/p>\n\n\n\n<p>Toute Contribution de l&rsquo;Utilisateur que vous publiez sur le Site Web doit \u00eatre non confidentielle et non exclusive. En fournissant toute contribution de l&rsquo;utilisateur sur le site Web, vous accordez \u00e0 Services-conseils Landmark Inc., \u00e0 ses fournisseurs de services et \u00e0 ses fournisseurs de services ainsi qu&rsquo;aux titulaires de licences, successeurs et ayants droit respectifs, un droit d&rsquo;utilisation, de reproduction, de modification, d&rsquo;affichage, de distribution et de divulgation \u00e0 des tiers, sans restriction, mondial, perp\u00e9tuel, non exclusif et enti\u00e8rement cessible, pouvant faire l&rsquo;objet de sous-licences ou de cession de droits d&rsquo;auteur, ainsi que de tout autre droit non limit\u00e9, sans redevances, \u00e0 l&rsquo;\u00e9gard des tiers.<\/p>\n\n\n\n<p>Vous, et non Services consultatifs Landmark Inc. \u00eates responsable de toute contribution de l&rsquo;utilisateur que vous affichez sur le site Web.<\/p>\n\n\n\n<p>Surveillance et application de la loi<\/p>\n\n\n\n<p>Nous nous r\u00e9servons le droit de retirer ou de refuser d&rsquo;afficher toute contribution d&rsquo;utilisateur pour quelque raison que ce soit ; de prendre toute mesure que nous jugeons n\u00e9cessaire ou appropri\u00e9e relativement \u00e0 toute contribution d&rsquo;utilisateur, y compris si nous croyons que cette contribution d&rsquo;utilisateur viole les modalit\u00e9s d&rsquo;utilisation, viole tout droit de propri\u00e9t\u00e9 intellectuelle ou autre droit de toute personne ou entit\u00e9 ou pourrait cr\u00e9er une responsabilit\u00e9 pour Services Conseil Landmark Inc., partager l\u2019information sur votre identit\u00e9 ou d&rsquo;autres informations vous concernant \u00e0 toute tierce partie qui pr\u00e9tend que le mat\u00e9riel que vous affichez viole ses droits, y compris ses droits de propri\u00e9t\u00e9 intellectuelle ou son droit \u00e0 la vie priv\u00e9e ; prendre les mesures juridiques appropri\u00e9es, y compris le renvoi \u00e0 la police, pour toute utilisation ill\u00e9gale ou non autoris\u00e9e du site Web ; et mettre fin ou suspendre votre acc\u00e8s \u00e0 tout ou partie du site Web pour toute raison, notamment toute violation des pr\u00e9sentes modalit\u00e9s d&rsquo;utilisation.<\/p>\n\n\n\n<p>Cependant, nous ne nous engageons pas \u00e0 examiner tout le mat\u00e9riel avant qu&rsquo;il ne soit affich\u00e9 sur le site Web et nous ne pouvons pas assurer le retrait rapide du mat\u00e9riel r\u00e9pr\u00e9hensible apr\u00e8s qu&rsquo;il ait \u00e9t\u00e9 affich\u00e9.<\/p>\n\n\n\n<p>Normes de contenu<\/p>\n\n\n\n<p>Ces normes de contenu (\u00ab\u00a0normes de contenu\u00a0\u00bb) s&rsquo;appliquent \u00e0 toutes les contributions des utilisateurs et \u00e0 l&rsquo;utilisation des services interactifs. Les Contributions de l&rsquo;Utilisateur doivent \u00eatre conformes \u00e0 toutes les lois et r\u00e9glementations applicables et ne doivent pas l&rsquo;\u00eatre : contenir du mat\u00e9riel diffamatoire, obsc\u00e8ne, ind\u00e9cent, injurieux, offensant, harcelant, violent, haineux, incendiaire ou autrement r\u00e9pr\u00e9hensible ; promouvoir du mat\u00e9riel pornographique ou sexuellement explicite, de la violence ou de la discrimination ; enfreindre tout brevet, marque, secret commercial, copyright ou autre propri\u00e9t\u00e9 intellectuelle ou autre droit de toute autre personne ; promouvoir toute activit\u00e9 ill\u00e9gale ; (e) d\u00e9naturer votre identit\u00e9 ou affiliation ; impliquer des activit\u00e9s commerciales, telles que concours, loteries et autres promotions (ce terme est tr\u00e8s vague, ce qui ne garantit en quoi consiste cette formulation.) ou de la publicit\u00e9 ; ou donner l&rsquo;impression qu&rsquo;ils sont affich\u00e9s ou endoss\u00e9s par Services Conseils Landmark Inc. ou toute autre personne ou entit\u00e9, si ce n&rsquo;est pas le cas.<\/p>\n\n\n\n<p>Votre capacit\u00e9 \u00e0 t\u00e9l\u00e9charger du contenu \u00e0 partir du site Web<\/p>\n\n\n\n<p>Vous pouvez t\u00e9l\u00e9charger le contenu d\u00e9sign\u00e9 et disponible pour t\u00e9l\u00e9chargement \u00e0 des fins non commerciales et personnelles seulement, si les avis de droit d&rsquo;auteur, de marque de commerce ou autres avis de propri\u00e9t\u00e9 demeurent inchang\u00e9s et visibles. Aucun droit, titre ou int\u00e9r\u00eat sur tout mat\u00e9riel t\u00e9l\u00e9charg\u00e9 ne vous est transf\u00e9r\u00e9 \u00e0 la suite d&rsquo;un tel t\u00e9l\u00e9chargement ou d&rsquo;une telle copie.<\/p>\n\n\n\n<p>Liens du site Web<\/p>\n\n\n\n<p>Si le site Web contient des liens vers d&rsquo;autres sites et ressources fournis par des tiers, ces liens sont fournis pour votre commodit\u00e9 seulement. Nous n&rsquo;avons aucun contr\u00f4le sur le contenu de ces sites ou ressources et ne sommes pas responsables de leur contenu ou de toute perte ou dommage pouvant d\u00e9couler de votre utilisation de ceux-ci. Si vous d\u00e9cidez d&rsquo;acc\u00e9der \u00e0 l&rsquo;un des sites Web de tiers li\u00e9s \u00e0 ce site Web, vous le faites enti\u00e8rement \u00e0 vos propres risques et sous r\u00e9serve des modalit\u00e9s et conditions d&rsquo;utilisation de ces sites.<\/p>\n\n\n\n<p>Exon\u00e9ration de garantie<\/p>\n\n\n\n<p>VOTRE UTILISATION DU SITE WEB, DE SON CONTENU ET DE TOUT SERVICE OU \u00c9L\u00c9MENT OBTENU PAR L&rsquo;ENTREMISE DU SITE WEB SE FAIT \u00c0 VOS PROPRES RISQUES. LE SITE WEB, SON CONTENU ET TOUS LES SERVICES OBTENUS PAR L&rsquo;INTERM\u00c9DIAIRE DU SITE WEB SONT FOURNIS \u00ab\u00a0TELS QUELS\u00a0\u00bb, SANS AUCUNE GARANTIE D&rsquo;AUCUNE SORTE, EXPRESSE OU IMPLICITE. NI LANDMARK NI AUCUNE PERSONNE ASSOCI\u00c9E \u00c0 SERVICES CONSEILS LANDMARK INC. GARANTIT QUE LE SITE WEB, SON CONTENU OU TOUT SERVICE OU \u00c9L\u00c9MENT OBTENU PAR L&rsquo;ENTREMISE DU SITE WEB SERA EXACT, FIABLE, EXEMPT D&rsquo;ERREURS OU ININTERROMPU, QUE LES D\u00c9FAUTS SERONT CORRIG\u00c9S OU QUE LE SITE WEB OU LE SERVEUR QUI LE REND DISPONIBLE SONT EXEMPTS DE VIRUS OU D&rsquo;AUTRES \u00c9L\u00c9MENTS NUISIBLES.<\/p>\n\n\n\n<p>SERVICES CONSEILS LANDMARK INC. D\u00c9CLINE TOUTE GARANTIE DE QUELQUE NATURE QUE CE SOIT, EXPRESSE OU IMPLICITE, L\u00c9GALE OU AUTRE, Y COMPRIS, MAIS SANS S&rsquo;Y LIMITER, TOUTE GARANTIE DE QUALIT\u00c9 MARCHANDE, D&rsquo;ABSENCE DE CONTREFA\u00c7ON ET D&rsquo;ADAPTATION \u00c0 UN USAGE PARTICULIER.<\/p>\n\n\n\n<p>CES CLAUSES DE NON-RESPONSABILIT\u00c9 N&rsquo;AFFECTENT PAS LES GARANTIES QUI NE PEUVENT \u00caTRE EXCLUES OU LIMIT\u00c9ES EN VERTU DE LA LOI APPLICABLE.<\/p>\n\n\n\n<p>Limitation de responsabilit\u00e9<\/p>\n\n\n\n<p>EN AUCUN CAS LANDMARK OU TOUTE PERSONNE ASSOCI\u00c9E \u00c0 LANDMARK NE SERA RESPONSABLE DES DOMMAGES DE QUELQUE NATURE QUE CE SOIT, EN VERTU DE TOUTE TH\u00c9ORIE JURIDIQUE, D\u00c9COULANT DE OU LI\u00c9S \u00c0 VOTRE UTILISATION OU \u00c0 VOTRE INCAPACIT\u00c9 D&rsquo;UTILISER LE SITE WEB, TOUT SITE WEB AUQUEL IL EST LI\u00c9, TOUT CONTENU SUR LE SITE WEB OU SUR CES AUTRES SITES WEB OU TOUT SERVICE OBTENU PAR LE SITE OU CES AUTRES SITES, NOTAMMENT LES DOMMAGES DIRECTS, INDIRECTS, SP\u00c9CIAUX, ACCESSOIRES, CONS\u00c9CUTIFS OU PUNITIFS, NOTAMMENT LA PERTE DE REVENU, DE PROFITS, D&rsquo;AFFAIRES OU LES \u00c9CONOMIES PR\u00c9VUES, LES PERTES DE JOUISSANCE, DE CLIENT\u00c8LE OU DE DONN\u00c9ES.<\/p>\n\n\n\n<p>CES LIMITATIONS N&rsquo;AFFECTENT PAS LA RESPONSABILIT\u00c9 QUI NE PEUT \u00caTRE EXCLUE OU LIMIT\u00c9E EN VERTU DE LA LOI APPLICABLE.<\/p>\n\n\n\n<p>Indemnisation<\/p>\n\n\n\n<p>Vous acceptez de d\u00e9fendre, d&rsquo;indemniser et de d\u00e9gager de toute responsabilit\u00e9 de Services Conseils Landmark Inc. et ses soci\u00e9t\u00e9s affili\u00e9es, ainsi que leurs dirigeants, administrateurs, employ\u00e9s, entrepreneurs, mandataires, conc\u00e9dants de licence, successeurs et ayants droit respectifs contre toute r\u00e9clamation, responsabilit\u00e9, dommage, jugement, sentence, perte, co\u00fbt, d\u00e9pense ou frais (y compris les honoraires raisonnables des avocats et autres frais juridiques) d\u00e9coulant ou li\u00e9s \u00e0 votre violation des pr\u00e9sentes modalit\u00e9s d&rsquo;utilisation ou \u00e0 votre utilisation des renseignements obtenus du site Web.<\/p>\n\n\n\n<p>Renonciation et divisibilit\u00e9<\/p>\n\n\n\n<p>Aucune renonciation par Services Conseils Landmark Inc. \u00e0 l&rsquo;\u00e9gard d&rsquo;une modalit\u00e9 ou d&rsquo;une condition \u00e9nonc\u00e9e dans les pr\u00e9sentes conditions d&rsquo;utilisation ne doit \u00eatre consid\u00e9r\u00e9e comme une renonciation suppl\u00e9mentaire ou continue \u00e0 cette modalit\u00e9 ou \u00e0 toute autre modalit\u00e9 ou condition, et tout d\u00e9faut de Services Conseils Landmark Inc. de faire valoir un droit ou une disposition en vertu des pr\u00e9sentes conditions d&rsquo;utilisation ne constitue pas une renonciation \u00e0 ce droit ou cette disposition.<\/p>\n\n\n\n<p>\u200b<\/p>\n\n\n\n<p>Si une disposition des pr\u00e9sentes conditions d&rsquo;utilisation est jug\u00e9e invalide, ill\u00e9gale ou inapplicable par une cour ou un autre tribunal comp\u00e9tent pour quelque raison que ce soit, cette disposition doit \u00eatre \u00e9limin\u00e9e ou limit\u00e9e dans la mesure du possible afin que les autres dispositions des conditions d&rsquo;utilisation demeurent pleinement en vigueur et applicables.<\/p>\n\n\n\n<p>Marques de commerce<\/p>\n\n\n\n<p>Ce site Web comporte des logos, des identit\u00e9s de marque et d&rsquo;autres marques de commerce et marques de service (collectivement, les \u00a0\u00bb marques \u00ab\u00a0) qui sont la propri\u00e9t\u00e9 de Services Conseils Landmark Inc. ou qui font l&rsquo;objet d&rsquo;une licence d&rsquo;utilisation. Vous ne devez pas utiliser les marques sans l&rsquo;autorisation \u00e9crite pr\u00e9alable de Services Conseils Landmark Inc. Tous les autres noms, logos, noms de produits et de services, dessins et slogans figurant sur ce site Web sont des marques de commerce de leurs propri\u00e9taires respectifs.<\/p>\n\n\n\n<p>Avis de droit d&rsquo;auteur<\/p>\n\n\n\n<p>Sauf indication contraire, les images graphiques, les boutons et le texte contenus dans ce site Web sont la propri\u00e9t\u00e9 exclusive de Services Conseils Landmark Inc.<\/p>\n\n\n\n<p>Juridiction comp\u00e9tente<\/p>\n\n\n\n<p>Services Conseils Landmark Inc. supervise et maintient ce site Web \u00e0 partir de son si\u00e8ge social \u00e0 Montr\u00e9al, Qu\u00e9bec, Canada. Tout litige ou r\u00e9clamation relatif au Site Web et aux pr\u00e9sentes Conditions d&rsquo;utilisation sera r\u00e9gi par les lois du Qu\u00e9bec, Canada sans donner effet \u00e0 aucune disposition ou r\u00e8gle de choix ou de conflit de lois (que ce soit au Qu\u00e9bec, au Canada ou dans toute autre juridiction).<\/p>\n\n\n\n<p>\u200b<\/p>\n\n\n\n<p>Toute poursuite, action ou proc\u00e9dure judiciaire d\u00e9coulant des pr\u00e9sentes conditions d&rsquo;utilisation ou du site Web ou s&rsquo;y rapportant sera intent\u00e9e exclusivement devant les tribunaux du Canada ou les tribunaux de la province de Qu\u00e9bec, dans chaque cas situ\u00e9s \u00e0 Montr\u00e9al. Vous renoncez \u00e0 toute objection \u00e0 l&rsquo;exercice de votre comp\u00e9tence \u00e0 votre \u00e9gard par ces tribunaux et \u00e0 la comp\u00e9tence de ces tribunaux.<\/p>\n\n\n\n<p>Int\u00e9gralit\u00e9 de l&rsquo;accord<\/p>\n\n\n\n<p>Les conditions d&rsquo;utilisation et notre politique de confidentialit\u00e9 constituent la seule et enti\u00e8re entente entre vous et Services Conseils Landmark Inc. relativement au site Web et remplacent toutes les ententes, ententes, d\u00e9clarations et garanties ant\u00e9rieures, tant \u00e9crites qu&rsquo;orales.<\/p>\n","protected":false},"excerpt":{"rendered":"<p>\u200bAcceptation des conditions Les conditions g\u00e9n\u00e9rales suivantes (\u00ab\u00a0Conditions d&rsquo;utilisation\u00a0\u00bb) r\u00e9gissent votre acc\u00e8s et votre utilisation de ce site Web, y compris le contenu et les services offerts sur ou via ce site Web (le \u00ab\u00a0Site Web \u00ab\u00a0). En utilisant le site Web, vous acceptez et convenez de suivre les pr\u00e9sentes conditions d&rsquo;utilisation et notre politique&hellip;<\/p>\n","protected":false},"author":1,"featured_media":0,"parent":0,"menu_order":0,"comment_status":"closed","ping_status":"closed","template":"","meta":{"_acf_changed":false,"_relevanssi_hide_post":"","_relevanssi_hide_content":"","_relevanssi_pin_for_all":"","_relevanssi_pin_keywords":"","_relevanssi_unpin_keywords":"","_relevanssi_related_keywords":"","_relevanssi_related_include_ids":"","_relevanssi_related_exclude_ids":"","_relevanssi_related_no_append":"","_relevanssi_related_not_related":"","_relevanssi_related_posts":"218,214,217,213,229,219","_relevanssi_noindex_reason":"","footnotes":""},"class_list":["post-1762","page","type-page","status-publish","hentry"],"acf":[],"_links":{"self":[{"href":"https:\/\/www.landmarkcre.ca\/fr\/wp-json\/wp\/v2\/pages\/1762","targetHints":{"allow":["GET"]}}],"collection":[{"href":"https:\/\/www.landmarkcre.ca\/fr\/wp-json\/wp\/v2\/pages"}],"about":[{"href":"https:\/\/www.landmarkcre.ca\/fr\/wp-json\/wp\/v2\/types\/page"}],"author":[{"embeddable":true,"href":"https:\/\/www.landmarkcre.ca\/fr\/wp-json\/wp\/v2\/users\/1"}],"replies":[{"embeddable":true,"href":"https:\/\/www.landmarkcre.ca\/fr\/wp-json\/wp\/v2\/comments?post=1762"}],"version-history":[{"count":2,"href":"https:\/\/www.landmarkcre.ca\/fr\/wp-json\/wp\/v2\/pages\/1762\/revisions"}],"predecessor-version":[{"id":2381,"href":"https:\/\/www.landmarkcre.ca\/fr\/wp-json\/wp\/v2\/pages\/1762\/revisions\/2381"}],"wp:attachment":[{"href":"https:\/\/www.landmarkcre.ca\/fr\/wp-json\/wp\/v2\/media?parent=1762"}],"curies":[{"name":"wp","href":"https:\/\/api.w.org\/{rel}","templated":true}]}}