{"id":1760,"date":"2022-08-10T14:48:48","date_gmt":"2022-08-10T18:48:48","guid":{"rendered":"https:\/\/www.landmarkcre.ca\/privacy-policy\/"},"modified":"2024-09-25T09:09:40","modified_gmt":"2024-09-25T13:09:40","slug":"politique-de-confidentialite","status":"publish","type":"page","link":"https:\/\/www.landmarkcre.ca\/fr\/politique-de-confidentialite\/","title":{"rendered":"Politique de confidentialit\u00e9"},"content":{"rendered":"\n<h6 class=\"wp-block-heading\">\u200b<\/h6>\n\n\n\n<p class=\"is-style-justified\"><strong>La pr\u00e9sente <em>Politique de confidentialit\u00e9<\/em> (ci-apr\u00e8s la \u00ab&nbsp;Politique&nbsp;\u00bb) a pour but de vous informer de nos pratiques en mati\u00e8re de collecte, d\u2019utilisation, de traitement, de divulgation, de conservation et de destruction de vos renseignements personnels.<\/strong><\/p>\n\n\n\n<p class=\"is-style-justified\">Un \u00ab&nbsp;renseignement personnel&nbsp;\u00bb est un renseignement qui concerne une personne physique et qui permet, directement ou indirectement, de l\u2019identifier. Un \u00e9crit, une image, une vid\u00e9o et un enregistrement sonore peuvent contenir des renseignements personnels. Dans le cadre de ses activit\u00e9s professionnelles, Services Conseils Landmark Inc. peut recueillir des renseignements personnels tels que le nom, l\u2019adresse domiciliaire, la date de naissance, les renseignements d\u2019une pi\u00e8ce d\u2019identit\u00e9, le num\u00e9ro d\u2019assurance sociale, les renseignements sur les revenus, la situation matrimoniale d\u2019une personne, etc.&nbsp;&nbsp;<\/p>\n\n\n\n<p class=\"is-style-justified\">Dans le cadre de nos op\u00e9rations, nous collectons, utilisons et traitons ces renseignements personnels aux fins de r\u00e9aliser nos prestations de services. C\u2019est pourquoi les questions relatives \u00e0 la confidentialit\u00e9 et \u00e0 la vie priv\u00e9e sont au c\u0153ur de nos pr\u00e9occupations.<\/p>\n\n\n\n<p class=\"is-style-justified\">Ultimement, en nous communiquant vos renseignements personnels, vous acceptez que ceux-ci soient trait\u00e9s conform\u00e9ment \u00e0 ce qui est pr\u00e9vu dans la pr\u00e9sente Politique, et vous autorisez notre organisation et nos fournisseurs de services \u00e0 traiter vos renseignements personnels aux fins \u00e9nonc\u00e9es ci-dessous.<\/p>\n\n\n\n<p class=\"is-style-justified\">N.B.&nbsp;: Si vous \u00eates un <em>mineur de moins de 14 ans,<\/em> vous \u00eatre pri\u00e9 de ne pas nous fournir de renseignements personnels sans le consentement expr\u00e8s de votre titulaire de l\u2019autorit\u00e9 parentale ou de votre tuteur.<\/p>\n\n\n\n<h2 class=\"wp-block-heading\"><strong>Qui sommes-nous ?<\/strong><\/h2>\n\n\n\n<p class=\"is-style-justified\">SERVICES CONSEILS LANDMARK INC.(\u00ab LANDMARK&nbsp;\u00bb) est une soci\u00e9t\u00e9 de services conseils &nbsp;en immobilier commercial ax\u00e9 sur la repr\u00e9sentation de locataires commerciaux et dont le but est de se d\u00e9marquer et d\u2019\u00eatre le moteur de changement dans une industrie transactionnelle en utilisant un mod\u00e8le centr\u00e9 sur les relations. Nous avons des bureaux \u00e0 Montr\u00e9al (notre si\u00e8ge social), Calgary (Alberta), et Fernie (Colombie-Britannique).<\/p>\n\n\n\n<p class=\"is-style-justified\">Cons\u00e9quemment, LANDMARK est directement responsable du traitement des renseignements personnels dont elle dispose, le tout conform\u00e9ment \u00e0 la l\u00e9gislation en vigueur.<\/p>\n\n\n\n<h2 class=\"wp-block-heading\"><strong>Quels renseignements personnels collectons-nous?<\/strong><\/h2>\n\n\n\n<p class=\"is-style-justified\">Nous pouvons collecter et traiter diff\u00e9rents types de renseignements personnels dans le cadre de la r\u00e9alisation de nos services et activit\u00e9s, notamment les suivants:<\/p>\n\n\n\n<ul class=\"wp-block-list\">\n<li>Les renseignements personnels de nos administrateurs, cadres, employ\u00e9s, et (le cas \u00e9ch\u00e9ant) des repr\u00e9sentants des clients que nous repr\u00e9sentons, soit notamment leurs pr\u00e9noms et noms, leur adresse postale, leur courriel et num\u00e9ro de t\u00e9l\u00e9phone, leur num\u00e9ro d\u2019assurance-sociale, et leurs informations bancaires;<\/li>\n\n\n\n<li>Les renseignements li\u00e9s au recrutement d\u2019administrateurs, cadres ou employ\u00e9s tels que les curriculums vitae et d\u2019autres renseignements pertinents;<\/li>\n<\/ul>\n\n\n\n<h2 class=\"wp-block-heading\"><strong>Comment collectons-nous vos renseignements personnels ?<\/strong><\/h2>\n\n\n\n<p>Nous collectons vos renseignements personnels de plusieurs fa\u00e7ons&nbsp;:<\/p>\n\n\n\n<ul class=\"wp-block-list\">\n<li>Lorsque vous transmettez des courriels aux membres de notre organisation ou lorsque vous nous contactez via de notre site web;&nbsp; (<a href=\"https:\/\/www.landmarkcre.ca\/fr\/contactez-nous\/\">https:\/\/www.landmarkcre.ca\/fr\/contactez-nous\/<\/a>)<\/li>\n\n\n\n<li>Par t\u00e9l\u00e9phone (<a href=\"tel:514-284-9944\" target=\"_blank\" rel=\"noreferrer noopener\">514-284-9944) <\/a>;<\/li>\n\n\n\n<li>Par la poste (8000 boulevard D\u00e9carie, Suite 300, Montr\u00e9al, QC, H4P 2S4);<\/li>\n\n\n\n<li>Lorsque vous vous abonnez \u00e0 notre infolettre (<a href=\"https:\/\/www.landmarkcre.ca\/fr\/\">https:\/\/www.landmarkcre.ca\/fr\/<\/a>);<\/li>\n\n\n\n<li>Lorsque vous postulez un poste dans notre organisation<\/li>\n\n\n\n<li>(<a href=\"https:\/\/landmarkcre.bamboohr.com\/careers\/81\" target=\"_blank\" rel=\"noopener\">https:\/\/secure.collage.co\/jobs\/landmarkadvisoryservicesinc<\/a>) ; ou<\/li>\n\n\n\n<li>Directement lorsque vous rencontrer nos repr\u00e9sentants \u00e0 nos bureaux;<\/li>\n<\/ul>\n\n\n\n<h2 class=\"wp-block-heading\"><strong>Comment utilisons-nous vos renseignements personnels?<\/strong><\/h2>\n\n\n\n<p class=\"is-style-justified\">Si vous nous confiez vos renseignements personnels dans un contexte priv\u00e9 (et&nbsp; non d\u2019affaires), ceux-ci seront utilis\u00e9s conform\u00e9ment au consentement que vous aurez donn\u00e9 et conform\u00e9ment \u00e0 la l\u00e9gislation applicable \u00e0 la protection des renseignements personnels.<\/p>\n\n\n\n<p class=\"is-style-justified\">Nous pouvons donc utiliser vos renseignements personnels dans les circonstances suivantes et ce, conform\u00e9ment au cadre d\u00e9fini dans la pr\u00e9sente Politique&nbsp;:<\/p>\n\n\n\n<ul class=\"wp-block-list\">\n<li>Afin de mettre \u00e0 jour les donn\u00e9es de nos administrateurs, cadres, et employ\u00e9s et pour pouvoir les contacter dans le cadre des op\u00e9rations courantes inh\u00e9rentes au d\u00e9partement des ressources humaines;<\/li>\n\n\n\n<li>Pour vous contacter si vous occupez ou postulez un poste d\u2019administrateur, cadre, employ\u00e9 ou autre;<\/li>\n\n\n\n<li>Pour vous transmettre notre infolettre (vous pouvez vous d\u00e9sabonner en tout temps);<\/li>\n\n\n\n<li>Pour r\u00e9pondre \u00e0 vos demandes de renseignements (par courriel, via le site web, par t\u00e9l\u00e9phone ou en personne);<\/li>\n\n\n\n<li>Afin de satisfaire et de nous conformer aux obligations l\u00e9gales, r\u00e9glementaires ou de gestion des risques.&nbsp;<\/li>\n<\/ul>\n\n\n\n<h2 class=\"wp-block-heading\"><strong>Avec qui partageons-nous des renseignements personnels?<\/strong><\/h2>\n\n\n\n<p class=\"is-style-justified\">Nous pouvons partager ou donner acc\u00e8s \u00e0 vos renseignements personnels (en plus de nos administrateurs, cadres, employ\u00e9s, le cas \u00e9ch\u00e9ant) avec certains tiers, notamment les suivants :<\/p>\n\n\n\n<ul class=\"wp-block-list\">\n<li>des tiers fournisseurs de service et\/ou partenaires qui nous fournissent des services de sites Web, de soutien administratif, d\u2019entretien et d\u2019autres services;<\/li>\n\n\n\n<li>aux mandataires, aux assureurs (comme le Fonds d\u2019assurance responsabilit\u00e9 professionnelle du courtage immobilier du Qu\u00e9bec, le FARCIQ), aux professionnels, \u00e0 d\u2019autres r\u00e9gulateurs, ou \u00e0 l\u2019ext\u00e9rieur du Qu\u00e9bec.<\/li>\n\n\n\n<li>Comme ces tiers pourraient avoir acc\u00e8s \u00e0 des renseignements personnels ou les traiter dans le cadre des services qu\u2019ils nous fournissent, nous limitons les partages ou acc\u00e8s \u00e0 ces fournisseurs de services aux seuls renseignements qui sont raisonnablement n\u00e9cessaires pour leur permettre de s\u2019acquitter de leurs fonctions (le cas \u00e9ch\u00e9ant).<\/li>\n\n\n\n<li>\u00c0 cet effet, nous exigeons que ces fournisseurs s\u2019engagent par contrat ou par le biais d\u2019ententes de confidentialit\u00e9 \u00e0 prendre toutes mesures raisonnables et conformes \u00e0 la loi pour assurer la confidentialit\u00e9 et la protection de ces renseignements personnels;<\/li>\n\n\n\n<li>des organismes gouvernementaux, r\u00e9glementaires ou d\u2019application de la loi (par exemple, pour d\u00e9tecter ou pr\u00e9venir la fraude) lorsque nous sommes tenus de communiquer ces renseignements ou si croyons de bonne foi que cette divulgation est n\u00e9cessaire pour respecter les lois applicables;<\/li>\n<\/ul>\n\n\n\n<h2 class=\"wp-block-heading\"><strong>Pendant combien de temps conservons-nous les renseignements personnels?<\/strong><\/h2>\n\n\n\n<p class=\"is-style-justified\">Nous conserverons vos renseignements personnels pour l\u2019accomplissement des finalit\u00e9s pour lesquelles ces renseignements personnels nous ont \u00e9t\u00e9 communiqu\u00e9s et pour toutes fins connexes autoris\u00e9es.<\/p>\n\n\n\n<p class=\"is-style-justified\">Nous disposerons donc de vos renseignements personnels d\u00e8s que les finalit\u00e9s en question auront \u00e9t\u00e9 accomplies ou d\u00e8s que vous retirerez votre consentement \u00e0 cet \u00e9gard, le tout sous r\u00e9serve des dispositions r\u00e9glementaires ou l\u00e9gales applicables.<\/p>\n\n\n\n<h2 class=\"wp-block-heading\"><strong>O\u00f9 conservons-nous les renseignements personnels et transferts internationaux?<\/strong><\/h2>\n\n\n\n<p class=\"is-style-justified\">La plupart de vos renseignements personnels sont conserv\u00e9s sur nos serveurs et\/ou sur ceux de nos fournisseurs de services TI situ\u00e9s dans la province de Qu\u00e9bec<\/p>\n\n\n\n<h2 class=\"wp-block-heading\"><strong>Comment prot\u00e9geons-nous les renseignements personnels?<\/strong><\/h2>\n\n\n\n<p class=\"is-style-justified\">Nous reconnaissons que la s\u00e9curit\u00e9 de l\u2019information fait partie int\u00e9grante de la confidentialit\u00e9 des renseignements personnels. C\u2019est pourquoi, nous mettons en \u0153uvre les bonnes pratiques pour voir \u00e0 la protection des renseignements personnels conform\u00e9ment \u00e0 la l\u00e9gislation applicable.<\/p>\n\n\n\n<p class=\"is-style-justified\">\u00c0 cet effet, nous maintenons des mesures de protection physiques, techniques, organisationnelles et l\u00e9gales raisonnables pour prot\u00e9ger vos renseignements personnels contre toute consultation, utilisation, modification, divulgation et\/ou destruction non autoris\u00e9e et non conforme \u00e0 la l\u00e9gislation en vigueur.<\/p>\n\n\n\n<p class=\"is-style-justified\">Tous les membres de LANDMARK et les tiers fournisseurs dont nous pouvons retenir les services et qui traitent des renseignements personnels pour notre compte sont aussi tenus par contrat de respecter la confidentialit\u00e9 des renseignements personnels.<\/p>\n\n\n\n<p class=\"is-style-justified\"><strong><u>Lois applicables<\/u><\/strong>&nbsp;: Comme nous colligeons principalement les renseignements personnels de personnes physiques r\u00e9sidant dans la <strong>province de Qu\u00e9bec<\/strong>, la pr\u00e9sente <em>Politique de confidentialit\u00e9<\/em> ainsi que nos r\u00e8gles de gouvernance en mati\u00e8re de protection des renseignements personnels r\u00e9pondent aux crit\u00e8res et exigences de la loi de cette province, soit la <em>Loi sur la protection des renseignements personnels dans le secteur priv\u00e9<\/em>. (Pour nos clients r\u00e9sidant en <strong>Alberta<\/strong> et en <strong>Ontario<\/strong>, voir plus bas ci-dessous)<\/p>\n\n\n\n<h2 class=\"wp-block-heading\"><strong>Quels droits une personne d\u00e9tient-elle \u00e0 l\u2019\u00e9gard de ses renseignements personnels?<\/strong><\/h2>\n\n\n\n<h3 class=\"wp-block-heading\"><strong>Droits d\u2019acc\u00e8s, de rectification et de retrait du consentement<\/strong><\/h3>\n\n\n\n<p class=\"is-style-justified\">Pour avoir acc\u00e8s \u00e0 vos renseignements personnels, pour demander une rectification de vos renseignements personnels ou pour retirer votre consentement \u00e0 la communication ou l\u2019utilisation de vos renseignements personnels, vous devez adresser une demande \u00e9crite \u00e0 notre <strong>Responsable de la protection des renseignements personnels<\/strong> (RPRP) dont les coordonn\u00e9es se trouvent \u00e0 la fin de la pr\u00e9sente Politique.<\/p>\n\n\n\n<p class=\"is-style-justified\">La demande de rectification devra \u00eatre particuli\u00e8rement pr\u00e9cise et vous identifier correctement pour nous permettre de corriger ou de compl\u00e9ter ad\u00e9quatement les renseignements personnels jug\u00e9s inexacts ou incomplets. Le cas \u00e9ch\u00e9ant, une telle demande de retrait du consentement pourrait entrainer la fin des services que procure notre organisation \u00e0 la personne concern\u00e9e.<\/p>\n\n\n\n<h3 class=\"wp-block-heading\"><strong>Traitement des demandes<\/strong><\/h3>\n\n\n\n<p class=\"is-style-justified\">Le RPRP r\u00e9pondra normalement aux demandes d\u2019acc\u00e8s, de rectification ou de retrait du consentement dans un d\u00e9lai de 30 jours et ce conform\u00e9ment aux d\u00e9lais prescrits par la <em>Loi sur la protection des renseignements personnels dans le secteur priv\u00e9<\/em>.<\/p>\n\n\n\n<p class=\"is-style-justified\">Toute l\u2019aide n\u00e9cessaire sera raisonnablement fournie aux personnes concern\u00e9es qui veulent avoir acc\u00e8s \u00e0 leurs renseignements personnels ou les rectifier, y compris pour ce qui est de clarifier ce qu\u2019elles recherchent exactement.<\/p>\n\n\n\n<p class=\"is-style-justified\">Pour le cas o\u00f9 nous devons refuser \u00e0 une personne l\u2019acc\u00e8s ou toute autre demande relative \u00e0 ses renseignements personnels pour des raisons juridiques, r\u00e9glementaires ou d\u2019autre nature, une notification \u00e9crite sera fournie.<\/p>\n\n\n\n<p class=\"is-style-justified\">Pour exercer l\u2019un ou l\u2019autre de ces droits, veuillez communiquer avec nous de la mani\u00e8re indiqu\u00e9e \u00e0 la rubrique \u00ab Comment communiquer avec nous \u00bb ci-dessous.<\/p>\n\n\n\n<h3 class=\"wp-block-heading\"><strong>Vos recours (Pour les personnes physiques r\u00e9sidant au Qu\u00e9bec)<\/strong><\/h3>\n\n\n\n<p class=\"is-style-justified\">Si vous n\u2019\u00eates pas satisfait de la fa\u00e7on dont le RPRP a trait\u00e9 votre demande d\u2019acc\u00e8s ou de rectification de vos renseignements personnels, notamment en cas d\u2019absence de r\u00e9ponse ou de r\u00e9ponse insatisfaisante, vous pourrez saisir la <em>Commission d\u2019Acc\u00e8s \u00e0 l\u2019Information<\/em> d\u2019une demande d\u2019examen de m\u00e9sentente. Pour en savoir plus, veuillez consulter le lien suivant&nbsp;: <a href=\"https:\/\/www.cai.gouv.qc.ca\/protection-renseignements-personnels\/citoyens-protection-renseignements-personnels\/recours-devant-commission\" target=\"_blank\" rel=\"noopener\">https:\/\/www.cai.gouv.qc.ca\/protection-renseignements-personnels\/citoyens-protection-renseignements-personnels\/recours-devant-commission<\/a><\/p>\n\n\n\n<h3 class=\"wp-block-heading\">V<strong>os recours (Pour l\u2019Alberta et l\u2019Ontario)<\/strong><\/h3>\n\n\n\n<p>Pour les personnes physiques r\u00e9sidant en Alberta et en Ontario, la l\u00e9gislation applicable, respectivement, est le <em>Personal Information Protection Act<\/em> (PIPA) pour l\u2019Alberta, et la <em>Loi sur la protection des renseignements personnels et les documents \u00e9lectroniques<\/em>&nbsp;(LPRPDE) pour l\u2019Ontario. Le cas \u00e9ch\u00e9ant, vous devrez saisir les autorit\u00e9s comp\u00e9tentes de votre juridiction pour toute question relevant de la protection des renseignements. Pour en savoir plus, veuillez consulter les liens suivants&nbsp;:<\/p>\n\n\n\n<ul class=\"wp-block-list\">\n<li>pour l\u2019Alberta&nbsp;: <a href=\"https:\/\/oipc.ab.ca\/\" target=\"_blank\" rel=\"noopener\">https:\/\/oipc.ab.ca\/<\/a><\/li>\n\n\n\n<li>pour l\u2019Ontario&nbsp;: <a href=\"https:\/\/www.priv.gc.ca\/fr\" target=\"_blank\" rel=\"noopener\">https:\/\/www.priv.gc.ca\/fr<\/a><\/li>\n<\/ul>\n\n\n\n<h2 class=\"wp-block-heading\"><strong>Comment utilisons-nous les t\u00e9moins de connexion ?<\/strong><\/h2>\n\n\n\n<p class=\"is-style-justified\">Lorsque vous utilisez notre site Web (<a href=\"https:\/\/www.landmarkcre.ca\/fr\/\">https:\/\/www.landmarkcre.ca\/fr\/<\/a>), nous pouvons installer des \u00ab&nbsp;t\u00e9moins de connexion&nbsp;\u00bb sur votre ordinateur. Les <em>t\u00e9moins<\/em> sont de petits fichiers de donn\u00e9es cr\u00e9\u00e9s par votre navigateur web et plac\u00e9s sur votre ordinateur. Ceux-ci peuvent avoir plusieurs fonctionnalit\u00e9s dont celles d\u2019am\u00e9liorer le fonctionnement de notre site Web.<\/p>\n\n\n\n<p class=\"is-style-justified\">\u00c0 l\u2019exception des t\u00e9moins strictement n\u00e9cessaires qui assurent les fonctionnalit\u00e9s de base pour acc\u00e9der au contenu de notre site web, tous les autres t\u00e9moins sont d\u00e9sactiv\u00e9s par d\u00e9faut. \u00c0 cet effet, un <em>message contextuel<\/em> (pop-up) appara\u00eet automatiquement sur la page d\u2019accueil de notre site web d\u00e8s qu\u2019un visiteur s\u2019y pr\u00e9sente pour l\u2019en informer et lui permettre de confirmer ses pr\u00e9f\u00e9rences.<\/p>\n\n\n\n<h2 class=\"wp-block-heading\"><strong>Comment communiquer avec nous?<\/strong><\/h2>\n\n\n\n<p>Si vous avez des questions concernant la pr\u00e9sente <em>Politique de confidentialit\u00e9<\/em> ou la mani\u00e8re dont nous traitons vos renseignements personnels, ou encore pour exercer vos droits, veuillez, communiquer avec notre <em>Responsable de la protection des renseignements personnels<\/em> par courriel ou par la poste aux coordonn\u00e9es suivantes :<\/p>\n\n\n\n<p>Par la poste&nbsp;: &nbsp;&nbsp;&nbsp;&nbsp;&nbsp;&nbsp;&nbsp; Responsable de la protection des renseignements personnels<\/p>\n\n\n\n<p>&nbsp;&nbsp;&nbsp;&nbsp;&nbsp;&nbsp;&nbsp;&nbsp;&nbsp;&nbsp;&nbsp;&nbsp;&nbsp;&nbsp;&nbsp;&nbsp;&nbsp;&nbsp;&nbsp;&nbsp;&nbsp;&nbsp;&nbsp;&nbsp;&nbsp;&nbsp;&nbsp;&nbsp;&nbsp;&nbsp;&nbsp;&nbsp;&nbsp;&nbsp; 8000 boulevard D\u00e9carie, Suite 300<\/p>\n\n\n\n<p>Montr\u00e9al, QC, H4P 2S4<\/p>\n\n\n\n<p>Par courriel&nbsp;: &nbsp;&nbsp;&nbsp;&nbsp;&nbsp;&nbsp;&nbsp;&nbsp; <a href=\"mailto:rprp@landmarkcre.ca\">rprp@landmarkcre.ca<\/a><\/p>\n\n\n\n<h2 class=\"wp-block-heading\"><strong>Comment mettons-nous \u00e0 jour la pr\u00e9sente <em>Politique de confidentialit\u00e9<\/em>?<\/strong><\/h2>\n\n\n\n<p class=\"is-style-justified\">Nous pouvons modifier le contenu de notre site Web et la mani\u00e8re d\u2019utiliser les t\u00e9moins sans pr\u00e9avis et, par cons\u00e9quent, la pr\u00e9sente <em>Politique de confidentialit\u00e9<\/em> pourrait \u00eatre modifi\u00e9e \u00e0 tout moment.<\/p>\n\n\n\n<p class=\"is-style-justified\">Nous vous invitons donc \u00e0 les consulter de mani\u00e8re r\u00e9guli\u00e8re afin de demeurer inform\u00e9(e) de la mani\u00e8re dont nous traitons les renseignements personnels.<\/p>\n\n\n\n<p class=\"is-style-justified\"><em>Derniere mise \u00e0 jour : 12 septembre 2024<\/em><\/p>\n","protected":false},"excerpt":{"rendered":"<p>\u200b La pr\u00e9sente Politique de confidentialit\u00e9 (ci-apr\u00e8s la \u00ab&nbsp;Politique&nbsp;\u00bb) a pour but de vous informer de nos pratiques en mati\u00e8re de collecte, d\u2019utilisation, de traitement, de divulgation, de conservation et de destruction de vos renseignements personnels. Un \u00ab&nbsp;renseignement personnel&nbsp;\u00bb est un renseignement qui concerne une personne physique et qui permet, directement ou indirectement, de l\u2019identifier.&hellip;<\/p>\n","protected":false},"author":1,"featured_media":0,"parent":0,"menu_order":0,"comment_status":"closed","ping_status":"closed","template":"","meta":{"_acf_changed":false,"_relevanssi_hide_post":"","_relevanssi_hide_content":"","_relevanssi_pin_for_all":"","_relevanssi_pin_keywords":"","_relevanssi_unpin_keywords":"","_relevanssi_related_keywords":"","_relevanssi_related_include_ids":"","_relevanssi_related_exclude_ids":"","_relevanssi_related_no_append":"","_relevanssi_related_not_related":"","_relevanssi_related_posts":"214,213,229,1,218,219","_relevanssi_noindex_reason":"","footnotes":""},"class_list":["post-1760","page","type-page","status-publish","hentry"],"acf":[],"_links":{"self":[{"href":"https:\/\/www.landmarkcre.ca\/fr\/wp-json\/wp\/v2\/pages\/1760","targetHints":{"allow":["GET"]}}],"collection":[{"href":"https:\/\/www.landmarkcre.ca\/fr\/wp-json\/wp\/v2\/pages"}],"about":[{"href":"https:\/\/www.landmarkcre.ca\/fr\/wp-json\/wp\/v2\/types\/page"}],"author":[{"embeddable":true,"href":"https:\/\/www.landmarkcre.ca\/fr\/wp-json\/wp\/v2\/users\/1"}],"replies":[{"embeddable":true,"href":"https:\/\/www.landmarkcre.ca\/fr\/wp-json\/wp\/v2\/comments?post=1760"}],"version-history":[{"count":5,"href":"https:\/\/www.landmarkcre.ca\/fr\/wp-json\/wp\/v2\/pages\/1760\/revisions"}],"predecessor-version":[{"id":3119,"href":"https:\/\/www.landmarkcre.ca\/fr\/wp-json\/wp\/v2\/pages\/1760\/revisions\/3119"}],"wp:attachment":[{"href":"https:\/\/www.landmarkcre.ca\/fr\/wp-json\/wp\/v2\/media?parent=1760"}],"curies":[{"name":"wp","href":"https:\/\/api.w.org\/{rel}","templated":true}]}}