{"id":1553,"date":"2022-08-30T14:11:25","date_gmt":"2022-08-30T18:11:25","guid":{"rendered":"https:\/\/www.landmarkcre.ca\/careers\/"},"modified":"2025-08-15T14:33:13","modified_gmt":"2025-08-15T18:33:13","slug":"carrieres","status":"publish","type":"page","link":"https:\/\/www.landmarkcre.ca\/fr\/carrieres\/","title":{"rendered":"Carri\u00e8res"},"content":{"rendered":"\n<div class=\"wp-block-media-text alignwide is-stacked-on-mobile\" style=\"grid-template-columns:34% auto\"><figure class=\"wp-block-media-text__media\"><img decoding=\"async\" width=\"768\" height=\"1024\" src=\"https:\/\/www.landmarkcre.ca\/wp-content\/uploads\/2025\/08\/Were-Hiring-2-768x1024.jpg\" alt=\"Nous embauchons chez Landmark \u00e0 Montr\u00e9al, QC\" class=\"wp-image-4460 size-large\" title=\"\" srcset=\"https:\/\/www.landmarkcre.ca\/wp-content\/uploads\/2025\/08\/Were-Hiring-2-768x1024.jpg 768w, https:\/\/www.landmarkcre.ca\/wp-content\/uploads\/2025\/08\/Were-Hiring-2-225x300.jpg 225w, https:\/\/www.landmarkcre.ca\/wp-content\/uploads\/2025\/08\/Were-Hiring-2-1152x1536.jpg 1152w, https:\/\/www.landmarkcre.ca\/wp-content\/uploads\/2025\/08\/Were-Hiring-2-rotated.jpg 1440w\" sizes=\"(max-width: 768px) 100vw, 768px\" \/><\/figure><div class=\"wp-block-media-text__content\">\n<h2 class=\"wp-block-heading is-style-heading-bottom-bar  heading-size-3\">JOIGNEZ-VOUS \u00c0 L&rsquo;\u00c9QUIPE!<\/h2>\n\n\n\n<p><strong><a href=\"https:\/\/secure.collage.co\/jobs\/landmarkadvisoryservicesinc\" target=\"_blank\" data-type=\"link\" data-id=\"https:\/\/secure.collage.co\/jobs\/landmarkadvisoryservicesinc\" rel=\"noreferrer noopener\">Faites un choix judicieux.<\/a><\/strong><\/p>\n\n\n\n<p>Notre firme de services-conseils en immobilier d\u2019entreprises est dynamique et offre un environnement de travail stimulant ax\u00e9 sur le travail d\u2019\u00e9quipe.<\/p>\n\n\n\n<p>Anim\u00e9s par le souci d\u2019offrir des services \u00e0 valeur ajout\u00e9e, tous les membres de notre \u00e9quipe ont le pouvoir de prendre les meilleures d\u00e9cisions qui soient pour nos clients. Nous encourageons fortement l\u2019harmonie entre le travail et la vie personnelle, et nous souhaitons que tous s\u2019\u00e9panouissent au sein d\u2019une \u00e9quipe dynamique qui se soucie aussi bien les uns des autres et que de nos clients.<\/p>\n\n\n\n<p>\u200bNos employ\u00e9s sont notre atout le plus pr\u00e9cieux. Nous leur offrons une r\u00e9mun\u00e9ration concurrentielle et une gamme compl\u00e8te d\u2019avantages incluant une assurance collective et un REER collectif. Nous encourageons \u00e9galement l\u2019\u00e9panouissement personnel et l\u2019avancement professionnel par la formation continue. Si vous aimez travailler dans un milieu stimulant et dynamique qui \u00e9volue rapidement, n\u2019h\u00e9sitez pas \u00e0 nous faire parvenir votre candidature!<\/p>\n\n\n\n<div class=\"wp-block-buttons is-layout-flex wp-block-buttons-is-layout-flex\">\n<div class=\"wp-block-button is-style-fill\"><a class=\"wp-block-button__link wp-element-button\" href=\"https:\/\/secure.collage.co\/jobs\/landmarkadvisoryservicesinc\" target=\"_blank\" rel=\"noopener\">Consultez les offres d&#8217;emploi<\/a><\/div>\n<\/div>\n<\/div><\/div>\n\n\n\n<p><\/p>\n","protected":false},"excerpt":{"rendered":"","protected":false},"author":1,"featured_media":4454,"parent":0,"menu_order":0,"comment_status":"closed","ping_status":"closed","template":"","meta":{"_acf_changed":false,"_relevanssi_hide_post":"","_relevanssi_hide_content":"","_relevanssi_pin_for_all":"","_relevanssi_pin_keywords":"","_relevanssi_unpin_keywords":"","_relevanssi_related_keywords":"","_relevanssi_related_include_ids":"","_relevanssi_related_exclude_ids":"","_relevanssi_related_no_append":"","_relevanssi_related_not_related":"","_relevanssi_related_posts":"1,229,218,219,217,213","_relevanssi_noindex_reason":"","footnotes":""},"class_list":["post-1553","page","type-page","status-publish","has-post-thumbnail","hentry"],"acf":[],"_links":{"self":[{"href":"https:\/\/www.landmarkcre.ca\/fr\/wp-json\/wp\/v2\/pages\/1553","targetHints":{"allow":["GET"]}}],"collection":[{"href":"https:\/\/www.landmarkcre.ca\/fr\/wp-json\/wp\/v2\/pages"}],"about":[{"href":"https:\/\/www.landmarkcre.ca\/fr\/wp-json\/wp\/v2\/types\/page"}],"author":[{"embeddable":true,"href":"https:\/\/www.landmarkcre.ca\/fr\/wp-json\/wp\/v2\/users\/1"}],"replies":[{"embeddable":true,"href":"https:\/\/www.landmarkcre.ca\/fr\/wp-json\/wp\/v2\/comments?post=1553"}],"version-history":[{"count":7,"href":"https:\/\/www.landmarkcre.ca\/fr\/wp-json\/wp\/v2\/pages\/1553\/revisions"}],"predecessor-version":[{"id":4462,"href":"https:\/\/www.landmarkcre.ca\/fr\/wp-json\/wp\/v2\/pages\/1553\/revisions\/4462"}],"wp:featuredmedia":[{"embeddable":true,"href":"https:\/\/www.landmarkcre.ca\/fr\/wp-json\/wp\/v2\/media\/4454"}],"wp:attachment":[{"href":"https:\/\/www.landmarkcre.ca\/fr\/wp-json\/wp\/v2\/media?parent=1553"}],"curies":[{"name":"wp","href":"https:\/\/api.w.org\/{rel}","templated":true}]}}