{"id":1549,"date":"2022-08-22T10:04:31","date_gmt":"2022-08-22T14:04:31","guid":{"rendered":"https:\/\/www.landmarkcre.ca\/our-services\/"},"modified":"2023-11-06T09:51:56","modified_gmt":"2023-11-06T14:51:56","slug":"nos-services","status":"publish","type":"page","link":"https:\/\/www.landmarkcre.ca\/fr\/nos-services\/","title":{"rendered":"Nos services"},"content":{"rendered":"\n<div class=\"wp-block-columns alignwide is-layout-flex wp-container-core-columns-is-layout-1 wp-block-columns-is-layout-flex\">\n<div class=\"wp-block-column is-layout-flow wp-block-column-is-layout-flow\">\n<p class=\"has-xlarge-font-size\">La structure de Landmark est diff\u00e9rente de celle des courtiers immobiliers traditionnels. Gr\u00e2ce \u00e0 notre mod\u00e8le de services int\u00e9gr\u00e9s, les clients ont acc\u00e8s \u00e0 une \u00e9quipe multidisciplinaire. Notre offre de services comprend ce qui suit&nbsp;: recherche et \u00e9tude du march\u00e9, gestion des transactions, services juridiques, gestion de projets et des installations, administration et v\u00e9rification des baux. Tous ces services fonctionnent comme une seule unit\u00e9 int\u00e9gr\u00e9e. Nos \u00e9quipes ne sont pas r\u00e9gies par des hi\u00e9rarchies de comptes distinctes ni par des structures incitatives conflictuelles ou des services cloisonn\u00e9s d\u00e9ploy\u00e9s dans diff\u00e9rentes r\u00e9gions g\u00e9ographiques. Elles font partie d\u2019un \u00e9cosyst\u00e8me qui tire parti des services et des connaissances de l\u2019ensemble de l\u2019organisation, et qui vise un seul et m\u00eame objectif&nbsp;:<br>agir comme une extension de vos op\u00e9rations\u2026votre service immobilier externe.<\/p>\n<\/div>\n<\/div>\n\n\n\n<p class=\"is-style-justified\"><\/p>\n","protected":false},"excerpt":{"rendered":"<p>La structure de Landmark est diff\u00e9rente de celle des courtiers immobiliers traditionnels. Gr\u00e2ce \u00e0 notre mod\u00e8le de services int\u00e9gr\u00e9s, les clients ont acc\u00e8s \u00e0 une \u00e9quipe multidisciplinaire. Notre offre de services comprend ce qui suit&nbsp;: recherche et \u00e9tude du march\u00e9, gestion des transactions, services juridiques, gestion de projets et des installations, administration et v\u00e9rification des&hellip;<\/p>\n","protected":false},"author":1,"featured_media":480,"parent":0,"menu_order":0,"comment_status":"closed","ping_status":"closed","template":"template-service.php","meta":{"_acf_changed":false,"_relevanssi_hide_post":"","_relevanssi_hide_content":"","_relevanssi_pin_for_all":"","_relevanssi_pin_keywords":"","_relevanssi_unpin_keywords":"","_relevanssi_related_keywords":"","_relevanssi_related_include_ids":"","_relevanssi_related_exclude_ids":"","_relevanssi_related_no_append":"","_relevanssi_related_not_related":"","_relevanssi_related_posts":"1","_relevanssi_noindex_reason":"","footnotes":""},"class_list":["post-1549","page","type-page","status-publish","has-post-thumbnail","hentry"],"acf":[],"_links":{"self":[{"href":"https:\/\/www.landmarkcre.ca\/fr\/wp-json\/wp\/v2\/pages\/1549","targetHints":{"allow":["GET"]}}],"collection":[{"href":"https:\/\/www.landmarkcre.ca\/fr\/wp-json\/wp\/v2\/pages"}],"about":[{"href":"https:\/\/www.landmarkcre.ca\/fr\/wp-json\/wp\/v2\/types\/page"}],"author":[{"embeddable":true,"href":"https:\/\/www.landmarkcre.ca\/fr\/wp-json\/wp\/v2\/users\/1"}],"replies":[{"embeddable":true,"href":"https:\/\/www.landmarkcre.ca\/fr\/wp-json\/wp\/v2\/comments?post=1549"}],"version-history":[{"count":4,"href":"https:\/\/www.landmarkcre.ca\/fr\/wp-json\/wp\/v2\/pages\/1549\/revisions"}],"predecessor-version":[{"id":2650,"href":"https:\/\/www.landmarkcre.ca\/fr\/wp-json\/wp\/v2\/pages\/1549\/revisions\/2650"}],"wp:featuredmedia":[{"embeddable":true,"href":"https:\/\/www.landmarkcre.ca\/fr\/wp-json\/wp\/v2\/media\/480"}],"wp:attachment":[{"href":"https:\/\/www.landmarkcre.ca\/fr\/wp-json\/wp\/v2\/media?parent=1549"}],"curies":[{"name":"wp","href":"https:\/\/api.w.org\/{rel}","templated":true}]}}